{"id":65,"date":"2024-01-19T20:46:06","date_gmt":"2024-01-19T20:46:06","guid":{"rendered":"https:\/\/floresmasflores.mx\/?page_id=65"},"modified":"2024-08-21T14:56:27","modified_gmt":"2024-08-21T14:56:27","slug":"contactanos","status":"publish","type":"page","link":"https:\/\/floresmasflores.mx\/index.php\/contactanos\/","title":{"rendered":"CONT\u00c1CTANOS"},"content":{"rendered":"\n<h1 class=\"wp-block-heading has-text-align-center is-style-asterisk\">CONTACTA A FLORES M\u00c1S FLORES<\/h1>\n\n\n\n<p class=\"has-text-align-center\" style=\"font-size:clamp(14.642px, 0.915rem + ((1vw - 3.2px) * 0.766), 22px);\">LLENA EL FORMULARIO O <strong>ELIGE CUALQUIERA DE LAS SIGUIENTES OPCIONES PARA CONTACTARNOS<\/strong><\/p>\n\n\n\n<div class=\"wp-block-group alignfull has-text-color has-background is-layout-flow wp-block-group-is-layout-flow\" style=\"color:#000000;background-color:#ffffff\">\n<div class=\"wp-block-group alignfull has-text-color has-background is-layout-flow wp-block-group-is-layout-flow\" style=\"color:#000000;background-color:#ffffff\">\n<div style=\"height:22px\" aria-hidden=\"true\" class=\"wp-block-spacer\"><\/div>\n\n\n\n<div class=\"wp-block-media-text alignfull is-stacked-on-mobile is-vertically-aligned-center\" style=\"grid-template-columns:55% auto\"><figure class=\"wp-block-media-text__media\"><img data-recalc-dims=\"1\" loading=\"lazy\" decoding=\"async\" width=\"1024\" height=\"576\" src=\"https:\/\/i0.wp.com\/floresmasflores.mx\/wp-content\/uploads\/2024\/08\/8a021a09-7bbf-4257-b79a-631a794fa455-1.jpeg?resize=1024%2C576\" alt=\"\" class=\"wp-image-893 size-full\" srcset=\"https:\/\/i0.wp.com\/floresmasflores.mx\/wp-content\/uploads\/2024\/08\/8a021a09-7bbf-4257-b79a-631a794fa455-1.jpeg?resize=1024%2C576&amp;ssl=1 1024w, https:\/\/i0.wp.com\/floresmasflores.mx\/wp-content\/uploads\/2024\/08\/8a021a09-7bbf-4257-b79a-631a794fa455-1.jpeg?resize=300%2C169&amp;ssl=1 300w, https:\/\/i0.wp.com\/floresmasflores.mx\/wp-content\/uploads\/2024\/08\/8a021a09-7bbf-4257-b79a-631a794fa455-1.jpeg?resize=768%2C432&amp;ssl=1 768w, https:\/\/i0.wp.com\/floresmasflores.mx\/wp-content\/uploads\/2024\/08\/8a021a09-7bbf-4257-b79a-631a794fa455-1.jpeg?w=1080&amp;ssl=1 1080w\" sizes=\"auto, (max-width: 1000px) 100vw, 1000px\" \/><\/figure><div class=\"wp-block-media-text__content\">\n<h2 class=\"wp-block-heading has-large-font-size\">AGENDA UNA REUNI\u00d3N CON NOSOTROS O COTIZA TU SERVICIO<\/h2>\n\n\n\n<p>\u00a1TENEMOS TODO PARA HACER T\u00da D\u00cdA ESPECIAL UNA REALIDAD!<\/p>\n\n\n<style id=\"wpforms-css-vars-829-block-1c062f68-5034-42d5-8ef2-e5bf6f739573\">\n\t\t\t\t#wpforms-829.wpforms-block-1c062f68-5034-42d5-8ef2-e5bf6f739573 {\n\t\t\t\t--wpforms-field-border-color: #A4A4A4;\n--wpforms-field-border-color-spare: #A4A4A4;\n--wpforms-field-size-input-height: 43px;\n--wpforms-field-size-input-spacing: 15px;\n--wpforms-field-size-font-size: 16px;\n--wpforms-field-size-line-height: 19px;\n--wpforms-field-size-padding-h: 14px;\n--wpforms-field-size-checkbox-size: 16px;\n--wpforms-field-size-sublabel-spacing: 5px;\n--wpforms-field-size-icon-size: 1;\n--wpforms-label-size-font-size: 16px;\n--wpforms-label-size-line-height: 19px;\n--wpforms-label-size-sublabel-font-size: 14px;\n--wpforms-label-size-sublabel-line-height: 17px;\n--wpforms-button-size-font-size: 17px;\n--wpforms-button-size-height: 41px;\n--wpforms-button-size-padding-h: 15px;\n--wpforms-button-size-margin-top: 10px;\n\t\t\t}\n\t\t\t<\/style><div class=\"wpforms-container wpforms-container-full wpforms-block wpforms-block-1c062f68-5034-42d5-8ef2-e5bf6f739573 wpforms-render-modern\" id=\"wpforms-829\"><form id=\"wpforms-form-829\" class=\"wpforms-validate wpforms-form wpforms-ajax-form\" data-formid=\"829\" method=\"post\" enctype=\"multipart\/form-data\" action=\"\/index.php\/wp-json\/wp\/v2\/pages\/65\" data-token=\"7621d0cf32039a51c4c2bf4c8a8466dc\" data-token-time=\"1778068500\"><noscript class=\"wpforms-error-noscript\">Por favor, activa JavaScript en tu navegador para completar este formulario.<\/noscript><div id=\"wpforms-error-noscript\" style=\"display: none;\">Por favor, activa JavaScript en tu navegador para completar este formulario.<\/div><div class=\"wpforms-field-container\"><div id=\"wpforms-829-field_1-container\" class=\"wpforms-field wpforms-field-name\" data-field-id=\"1\"><label class=\"wpforms-field-label\" for=\"wpforms-829-field_1\">Nombre <span class=\"wpforms-required-label\" aria-hidden=\"true\">*<\/span><\/label><input type=\"text\" id=\"wpforms-829-field_1\" class=\"wpforms-field-medium wpforms-field-required\" name=\"wpforms[fields][1]\" aria-errormessage=\"wpforms-829-field_1-error\" required><\/div><div id=\"wpforms-829-field_9-container\" class=\"wpforms-field wpforms-field-number\" data-field-id=\"9\"><label class=\"wpforms-field-label\" for=\"wpforms-829-field_9\">Tel\u00e9fono de contacto <span class=\"wpforms-required-label\" aria-hidden=\"true\">*<\/span><\/label><input type=\"number\" id=\"wpforms-829-field_9\" class=\"wpforms-field-medium wpforms-field-required\" name=\"wpforms[fields][9]\" step=\"any\" aria-errormessage=\"wpforms-829-field_9-error\" aria-describedby=\"wpforms-829-field_9-description\" required><div id=\"wpforms-829-field_9-description\" class=\"wpforms-field-description\">Aqu\u00ed ser\u00e1 m\u00e1s f\u00e1cil contactarte<\/div><\/div><div id=\"wpforms-829-field_4-container\" class=\"wpforms-field wpforms-field-radio\" data-field-id=\"4\"><fieldset><legend class=\"wpforms-field-label\">\u00bfQu\u00e9 necesitas? <span class=\"wpforms-required-label\" aria-hidden=\"true\">*<\/span><\/legend><ul id=\"wpforms-829-field_4\" class=\"wpforms-field-required\"><li class=\"choice-1 depth-1\"><input type=\"radio\" id=\"wpforms-829-field_4_1\" name=\"wpforms[fields][4]\" value=\"Agendar cita Showroom (CDMX)\" aria-errormessage=\"wpforms-829-field_4_1-error\" aria-describedby=\"wpforms-829-field_4-description\" required ><label class=\"wpforms-field-label-inline\" for=\"wpforms-829-field_4_1\">Agendar cita Showroom (CDMX)<\/label><\/li><li class=\"choice-2 depth-1\"><input type=\"radio\" id=\"wpforms-829-field_4_2\" name=\"wpforms[fields][4]\" value=\"Agendar cita Showroom (Edo Mex)\" aria-errormessage=\"wpforms-829-field_4_2-error\" aria-describedby=\"wpforms-829-field_4-description\" required ><label class=\"wpforms-field-label-inline\" for=\"wpforms-829-field_4_2\">Agendar cita Showroom (Edo Mex)<\/label><\/li><li class=\"choice-3 depth-1\"><input type=\"radio\" id=\"wpforms-829-field_4_3\" name=\"wpforms[fields][4]\" value=\"Quiero cotizar un evento\" aria-errormessage=\"wpforms-829-field_4_3-error\" aria-describedby=\"wpforms-829-field_4-description\" required ><label class=\"wpforms-field-label-inline\" for=\"wpforms-829-field_4_3\">Quiero cotizar un evento<\/label><\/li><\/ul><div id=\"wpforms-829-field_4-description\" class=\"wpforms-field-description\">Ideal si buscas conocernos en persona y que podamos darte una atenci\u00f3n m\u00e1s personal<\/div><\/fieldset><\/div><div id=\"wpforms-829-field_6-container\" class=\"wpforms-field wpforms-field-select wpforms-field-select-style-classic\" data-field-id=\"6\"><label class=\"wpforms-field-label\" for=\"wpforms-829-field_6\">\u00bfCuando quieres que nos reunamos? <span class=\"wpforms-required-label\" aria-hidden=\"true\">*<\/span><\/label><select id=\"wpforms-829-field_6\" class=\"wpforms-field-medium wpforms-field-required\" name=\"wpforms[fields][6]\" required=\"required\"><option value=\"Esta misma semana\"  class=\"choice-4 depth-1\"  >Esta misma semana<\/option><option value=\"La pr\u00f3xima semana\"  class=\"choice-1 depth-1\"  >La pr\u00f3xima semana<\/option><option value=\"Dentro de 15 d\u00edas\"  class=\"choice-3 depth-1\"  >Dentro de 15 d\u00edas<\/option><\/select><div id=\"wpforms-829-field_6-description\" class=\"wpforms-field-description\">Te contactaremos y estableceremos una fecha que nos convenga a ambos.<\/div><\/div><div id=\"wpforms-829-field_11-container\" class=\"wpforms-field wpforms-field-radio\" data-field-id=\"11\"><fieldset><legend class=\"wpforms-field-label\">\u00bfQu\u00e9 evento celebrar\u00e1s?  <span class=\"wpforms-required-label\" aria-hidden=\"true\">*<\/span><\/legend><ul id=\"wpforms-829-field_11\" class=\"wpforms-field-required\"><li class=\"choice-1 depth-1\"><input type=\"radio\" id=\"wpforms-829-field_11_1\" name=\"wpforms[fields][11]\" value=\"Boda\" aria-errormessage=\"wpforms-829-field_11_1-error\" required ><label class=\"wpforms-field-label-inline\" for=\"wpforms-829-field_11_1\">Boda<\/label><\/li><li class=\"choice-2 depth-1\"><input type=\"radio\" id=\"wpforms-829-field_11_2\" name=\"wpforms[fields][11]\" value=\"Xv A\u00f1os\" aria-errormessage=\"wpforms-829-field_11_2-error\" required ><label class=\"wpforms-field-label-inline\" for=\"wpforms-829-field_11_2\">Xv A\u00f1os<\/label><\/li><li class=\"choice-3 depth-1\"><input type=\"radio\" id=\"wpforms-829-field_11_3\" name=\"wpforms[fields][11]\" value=\"Primera comuni\u00f3n o bautizo\" aria-errormessage=\"wpforms-829-field_11_3-error\" required ><label class=\"wpforms-field-label-inline\" for=\"wpforms-829-field_11_3\">Primera comuni\u00f3n o bautizo<\/label><\/li><li class=\"choice-4 depth-1\"><input type=\"radio\" id=\"wpforms-829-field_11_4\" name=\"wpforms[fields][11]\" value=\"Otro tipo de evento\" aria-errormessage=\"wpforms-829-field_11_4-error\" required ><label class=\"wpforms-field-label-inline\" for=\"wpforms-829-field_11_4\">Otro tipo de evento<\/label><\/li><\/ul><\/fieldset><\/div><div id=\"wpforms-829-field_12-container\" class=\"wpforms-field wpforms-field-radio\" data-field-id=\"12\"><fieldset><legend class=\"wpforms-field-label\">\u00bfCu\u00e1ndo es tu evento? <span class=\"wpforms-required-label\" aria-hidden=\"true\">*<\/span><\/legend><ul id=\"wpforms-829-field_12\" class=\"wpforms-field-required\"><li class=\"choice-1 depth-1\"><input type=\"radio\" id=\"wpforms-829-field_12_1\" name=\"wpforms[fields][12]\" value=\"El pr\u00f3ximo mes\" aria-errormessage=\"wpforms-829-field_12_1-error\" required ><label class=\"wpforms-field-label-inline\" for=\"wpforms-829-field_12_1\">El pr\u00f3ximo mes<\/label><\/li><li class=\"choice-2 depth-1\"><input type=\"radio\" id=\"wpforms-829-field_12_2\" name=\"wpforms[fields][12]\" value=\"Dentro de dos o tres meses\" aria-errormessage=\"wpforms-829-field_12_2-error\" required ><label class=\"wpforms-field-label-inline\" for=\"wpforms-829-field_12_2\">Dentro de dos o tres meses<\/label><\/li><li class=\"choice-3 depth-1\"><input type=\"radio\" id=\"wpforms-829-field_12_3\" name=\"wpforms[fields][12]\" value=\"Dentro de 6 meses (aprox)\" aria-errormessage=\"wpforms-829-field_12_3-error\" required ><label class=\"wpforms-field-label-inline\" for=\"wpforms-829-field_12_3\">Dentro de 6 meses (aprox)<\/label><\/li><li class=\"choice-4 depth-1\"><input type=\"radio\" id=\"wpforms-829-field_12_4\" name=\"wpforms[fields][12]\" value=\"Dentro de un a\u00f1o\" aria-errormessage=\"wpforms-829-field_12_4-error\" required ><label class=\"wpforms-field-label-inline\" for=\"wpforms-829-field_12_4\">Dentro de un a\u00f1o<\/label><\/li><li class=\"choice-5 depth-1\"><input type=\"radio\" id=\"wpforms-829-field_12_5\" name=\"wpforms[fields][12]\" value=\"A\u00fan no tengo fecha\" aria-errormessage=\"wpforms-829-field_12_5-error\" required ><label class=\"wpforms-field-label-inline\" for=\"wpforms-829-field_12_5\">A\u00fan no tengo fecha<\/label><\/li><\/ul><\/fieldset><\/div><div id=\"wpforms-829-field_10-container\" class=\"wpforms-field wpforms-field-radio\" data-field-id=\"10\"><fieldset><legend class=\"wpforms-field-label\">Presupuesto aproximado de tu servicio (Para ofrecerte opciones a tu medida) <span class=\"wpforms-required-label\" aria-hidden=\"true\">*<\/span><\/legend><ul id=\"wpforms-829-field_10\" class=\"wpforms-field-required\"><li class=\"choice-1 depth-1\"><input type=\"radio\" id=\"wpforms-829-field_10_1\" name=\"wpforms[fields][10]\" value=\"De $35,000 a $50,000\" aria-errormessage=\"wpforms-829-field_10_1-error\" aria-describedby=\"wpforms-829-field_10-description\" required ><label class=\"wpforms-field-label-inline\" for=\"wpforms-829-field_10_1\">De $35,000 a $50,000<\/label><\/li><li class=\"choice-2 depth-1\"><input type=\"radio\" id=\"wpforms-829-field_10_2\" name=\"wpforms[fields][10]\" value=\"De $50,000 a $100,000\" aria-errormessage=\"wpforms-829-field_10_2-error\" aria-describedby=\"wpforms-829-field_10-description\" required ><label class=\"wpforms-field-label-inline\" for=\"wpforms-829-field_10_2\">De $50,000 a $100,000<\/label><\/li><li class=\"choice-3 depth-1\"><input type=\"radio\" id=\"wpforms-829-field_10_3\" name=\"wpforms[fields][10]\" value=\"De $100,000 a $300,000\" aria-errormessage=\"wpforms-829-field_10_3-error\" aria-describedby=\"wpforms-829-field_10-description\" required ><label class=\"wpforms-field-label-inline\" for=\"wpforms-829-field_10_3\">De $100,000 a $300,000<\/label><\/li><li class=\"choice-4 depth-1\"><input type=\"radio\" id=\"wpforms-829-field_10_4\" name=\"wpforms[fields][10]\" value=\"De $300,000 a m\u00e1s\" aria-errormessage=\"wpforms-829-field_10_4-error\" aria-describedby=\"wpforms-829-field_10-description\" required ><label class=\"wpforms-field-label-inline\" for=\"wpforms-829-field_10_4\">De $300,000 a m\u00e1s<\/label><\/li><\/ul><div id=\"wpforms-829-field_10-description\" class=\"wpforms-field-description\">Para ofrecerte una opci\u00f3n a tu medida<\/div><\/fieldset><\/div><div id=\"wpforms-829-field_7-container\" class=\"wpforms-field wpforms-field-textarea\" data-field-id=\"7\"><label class=\"wpforms-field-label\" for=\"wpforms-829-field_7\">Comentarios adicionales (Cu\u00e9ntanos un poco de tu evento)<\/label><textarea id=\"wpforms-829-field_7\" class=\"wpforms-field-medium\" name=\"wpforms[fields][7]\" aria-errormessage=\"wpforms-829-field_7-error\" ><\/textarea><\/div><\/div><!-- .wpforms-field-container --><div class=\"wpforms-submit-container\" ><input type=\"hidden\" name=\"wpforms[id]\" value=\"829\"><input type=\"hidden\" name=\"page_title\" value=\"\"><input type=\"hidden\" name=\"page_url\" value=\"https:\/\/floresmasflores.mx\/index.php\/wp-json\/wp\/v2\/pages\/65\"><input type=\"hidden\" name=\"url_referer\" value=\"\"><button type=\"submit\" name=\"wpforms[submit]\" id=\"wpforms-submit-829\" class=\"wpforms-submit\" data-alt-text=\"Enviando informaci\u00f3n \" data-submit-text=\"Agendar mi cita\" aria-live=\"assertive\" value=\"wpforms-submit\">Agendar mi cita<\/button><img loading=\"lazy\" decoding=\"async\" src=\"https:\/\/floresmasflores.mx\/wp-content\/plugins\/wpforms-lite\/assets\/images\/submit-spin.svg\" class=\"wpforms-submit-spinner\" style=\"display: none;\" width=\"26\" height=\"26\" alt=\"Cargando\"><\/div><\/form><\/div>  <!-- .wpforms-container --><\/div><\/div>\n\n\n\n<div style=\"height:30px\" aria-hidden=\"true\" class=\"wp-block-spacer\"><\/div>\n<\/div>\n\n\n\n<div class=\"wp-block-group alignfull has-text-color has-background is-layout-flow wp-block-group-is-layout-flow\" style=\"color:#000000;background-color:#ffffff\">\n<div style=\"height:21px\" aria-hidden=\"true\" class=\"wp-block-spacer\"><\/div>\n\n\n\n<div style=\"height:27px\" aria-hidden=\"true\" class=\"wp-block-spacer\"><\/div>\n<\/div>\n\n\n\n<div class=\"wp-block-group alignfull has-text-color has-background is-layout-flow wp-block-group-is-layout-flow\" style=\"color:#000000;background-color:#ffffff\">\n<div style=\"height:28px\" aria-hidden=\"true\" class=\"wp-block-spacer\"><\/div>\n\n\n\n<h2 class=\"wp-block-heading has-text-align-center\" id=\"schedule-a-visit\" style=\"font-size:clamp(32.969px, 2.061rem + ((1vw - 3.2px) * 2.712), 59px);px;line-height:1.15\"><strong>Programa una videollamada con nuestro equipo<\/strong><\/h2>\n\n\n\n<p class=\"has-text-align-center\">Ideal para que nos conozcas sin salir de casa<\/p>\n\n\n\n<div class=\"wp-block-buttons is-horizontal is-content-justification-center is-layout-flex wp-container-core-buttons-is-layout-1 wp-block-buttons-is-layout-flex\">\n<div class=\"wp-block-button has-custom-width wp-block-button__width-50 has-custom-font-size has-medium-font-size\"><a class=\"wp-block-button__link has-text-color has-background wp-element-button\" href=\"https:\/\/calendly.com\/floresmasflores\/agendarcita\" style=\"border-radius:50px;color:#ffffff;background-color:#000000\" target=\"_blank\" rel=\"noreferrer noopener\">Programala aqu\u00ed<\/a><\/div>\n<\/div>\n\n\n\n<div style=\"height:136px\" aria-hidden=\"true\" class=\"wp-block-spacer\"><\/div>\n\n\n\n<figure class=\"wp-block-image alignwide size-full\"><img data-recalc-dims=\"1\" loading=\"lazy\" decoding=\"async\" width=\"1880\" height=\"1253\" src=\"https:\/\/i0.wp.com\/floresmasflores.mx\/wp-content\/uploads\/2024\/01\/pexels-photo-1035665.jpeg?resize=1880%2C1253\" alt=\"dining hall interior\" class=\"wp-image-117\" srcset=\"https:\/\/i0.wp.com\/floresmasflores.mx\/wp-content\/uploads\/2024\/01\/pexels-photo-1035665.jpeg?w=1880&amp;ssl=1 1880w, https:\/\/i0.wp.com\/floresmasflores.mx\/wp-content\/uploads\/2024\/01\/pexels-photo-1035665.jpeg?resize=300%2C200&amp;ssl=1 300w, https:\/\/i0.wp.com\/floresmasflores.mx\/wp-content\/uploads\/2024\/01\/pexels-photo-1035665.jpeg?resize=1024%2C682&amp;ssl=1 1024w, https:\/\/i0.wp.com\/floresmasflores.mx\/wp-content\/uploads\/2024\/01\/pexels-photo-1035665.jpeg?resize=768%2C512&amp;ssl=1 768w, https:\/\/i0.wp.com\/floresmasflores.mx\/wp-content\/uploads\/2024\/01\/pexels-photo-1035665.jpeg?resize=1536%2C1024&amp;ssl=1 1536w\" sizes=\"auto, (max-width: 1000px) 100vw, 1000px\" \/><\/figure>\n\n\n\n<div class=\"wp-block-columns alignwide are-vertically-aligned-center is-layout-flex wp-container-core-columns-is-layout-1 wp-block-columns-is-layout-flex\">\n<div class=\"wp-block-column is-vertically-aligned-center is-layout-flow wp-block-column-is-layout-flow\">\n<p class=\"has-text-align-center\" style=\"line-height:2\"><strong>SHOWROOM:<\/strong><br>BOSQUES DE BOLOGNIA #6, BOSQUES DEL LAGO, CUAUTITL\u00c1N IZCALLI, ESTADO DE M\u00c9XICO<\/p>\n<\/div>\n\n\n\n<div class=\"wp-block-column is-vertically-aligned-center is-layout-flow wp-block-column-is-layout-flow\">\n<p style=\"line-height:2\">ENV\u00cdANOS UN WHATSAPP<\/p>\n\n\n\n<div class=\"wp-block-jetpack-send-a-message\">\n<div class=\"wp-block-jetpack-whatsapp-button is-color-dark\"><a class=\"whatsapp-block__button\" href=\"https:\/\/api.whatsapp.com\/send?phone=525565801220&amp;text=Hola%2C%20tengo%20la%20informaci%C3%B3n%20de%20WhatsApp%20de%20tu%20web.\" style=\"background-color:#25D366;color:#fff\" target=\"_self\" rel=\"noopener noreferrer\">Whatsapp<\/a><\/div>\n<\/div>\n\n\n\n<iframe src=\"https:\/\/www.google.com\/maps\/embed?pb=!1m14!1m8!1m3!1d15033.210384399476!2d-99.2404595!3d19.614357!3m2!1i1024!2i768!4f13.1!3m3!1m2!1s0x20fdd0bdfdb9bedf%3A0xcb578b19ef86b709!2sFlores%20M%C3%A1s%20Flores%20Eventos%20by%20Ruth%20Osio!5e0!3m2!1sen!2smx!4v1715272984757!5m2!1sen!2smx\" width=\"600\" height=\"450\" style=\"border:0;\" allowfullscreen=\"\" loading=\"lazy\" referrerpolicy=\"no-referrer-when-downgrade\"><\/iframe>\n<\/div>\n<\/div>\n<\/div>\n<\/div>\n","protected":false},"excerpt":{"rendered":"<p>CONTACTA A FLORES M\u00c1S FLORES LLENA EL FORMULARIO O ELIGE CUALQUIERA DE LAS SIGUIENTES OPCIONES PARA CONTACTARNOS Programa una videollamada con nuestro equipo Ideal para que nos conozcas sin salir de casa SHOWROOM:BOSQUES DE BOLOGNIA #6, BOSQUES DEL LAGO, CUAUTITL\u00c1N IZCALLI, ESTADO DE M\u00c9XICO ENV\u00cdANOS UN WHATSAPP<\/p>\n","protected":false},"author":1,"featured_media":0,"parent":0,"menu_order":0,"comment_status":"closed","ping_status":"closed","template":"","meta":{"footnotes":""},"class_list":["post-65","page","type-page","status-publish","hentry"],"aioseo_notices":[],"jetpack_likes_enabled":true,"jetpack_sharing_enabled":true,"_links":{"self":[{"href":"https:\/\/floresmasflores.mx\/index.php\/wp-json\/wp\/v2\/pages\/65","targetHints":{"allow":["GET"]}}],"collection":[{"href":"https:\/\/floresmasflores.mx\/index.php\/wp-json\/wp\/v2\/pages"}],"about":[{"href":"https:\/\/floresmasflores.mx\/index.php\/wp-json\/wp\/v2\/types\/page"}],"author":[{"embeddable":true,"href":"https:\/\/floresmasflores.mx\/index.php\/wp-json\/wp\/v2\/users\/1"}],"replies":[{"embeddable":true,"href":"https:\/\/floresmasflores.mx\/index.php\/wp-json\/wp\/v2\/comments?post=65"}],"version-history":[{"count":13,"href":"https:\/\/floresmasflores.mx\/index.php\/wp-json\/wp\/v2\/pages\/65\/revisions"}],"predecessor-version":[{"id":1339,"href":"https:\/\/floresmasflores.mx\/index.php\/wp-json\/wp\/v2\/pages\/65\/revisions\/1339"}],"wp:attachment":[{"href":"https:\/\/floresmasflores.mx\/index.php\/wp-json\/wp\/v2\/media?parent=65"}],"curies":[{"name":"wp","href":"https:\/\/api.w.org\/{rel}","templated":true}]}}