{"id":633,"date":"2024-05-22T20:55:06","date_gmt":"2024-05-22T20:55:06","guid":{"rendered":"https:\/\/floresmasflores.mx\/?page_id=633"},"modified":"2024-06-21T13:43:24","modified_gmt":"2024-06-21T13:43:24","slug":"cotizar-evento-empresarial","status":"publish","type":"page","link":"https:\/\/floresmasflores.mx\/index.php\/cotizar-evento-empresarial\/","title":{"rendered":"COTIZAR EVENTO EMPRESARIAL"},"content":{"rendered":"\n<p>LLENA EL SIGUIENTE FORMULARIO R\u00c1PIDO PARA COTIZAR TU EVENTO CORPORATIVO Y TE CONTACTAREMOS EN MENOS DE 10 MINUTOS O TAMBI\u00c9N PUEDES ENVIARNOS MENSAJE POR WHATSAPP.<\/p>\n\n\n\n<div class=\"wp-block-jetpack-send-a-message\">\n<div class=\"wp-block-jetpack-whatsapp-button aligncenter is-color-dark\"><a class=\"whatsapp-block__button\" href=\"https:\/\/api.whatsapp.com\/send?phone=525565801220&amp;text=Hola%2C%20quiero%20cotizar%20un%20evento%20empresarial%20con%20ustedes.\" style=\"background-color:#465B64;color:#fff\" target=\"_blank\" rel=\"noopener noreferrer\">Hablar en Whatsapp<\/a><\/div>\n<\/div>\n\n\n<div class=\"wpforms-container wpforms-container-full wpforms-block wpforms-block-c2a0694b-ed23-482e-b72b-b5f494be3415 wpforms-render-modern\" id=\"wpforms-625\"><form id=\"wpforms-form-625\" class=\"wpforms-validate wpforms-form wpforms-ajax-form\" data-formid=\"625\" method=\"post\" enctype=\"multipart\/form-data\" action=\"\/index.php\/wp-json\/wp\/v2\/pages\/633\" data-token=\"a1ae8c2a445b677e14dd91584301bfc4\" data-token-time=\"1775245978\"><noscript class=\"wpforms-error-noscript\">Por favor, activa JavaScript en tu navegador para completar este formulario.<\/noscript><div id=\"wpforms-error-noscript\" style=\"display: none;\">Por favor, activa JavaScript en tu navegador para completar este formulario.<\/div><div class=\"wpforms-field-container\"><div id=\"wpforms-625-field_1-container\" class=\"wpforms-field wpforms-field-name\" data-field-id=\"1\"><label class=\"wpforms-field-label\" for=\"wpforms-625-field_1\">Nombre <span class=\"wpforms-required-label\" aria-hidden=\"true\">*<\/span><\/label><input type=\"text\" id=\"wpforms-625-field_1\" class=\"wpforms-field-medium wpforms-field-required\" name=\"wpforms[fields][1]\" aria-errormessage=\"wpforms-625-field_1-error\" required><\/div><div id=\"wpforms-625-field_2-container\" class=\"wpforms-field wpforms-field-email\" data-field-id=\"2\"><label class=\"wpforms-field-label\" for=\"wpforms-625-field_2\">Correo electr\u00f3nico <span class=\"wpforms-required-label\" aria-hidden=\"true\">*<\/span><\/label><input type=\"email\" id=\"wpforms-625-field_2\" class=\"wpforms-field-medium wpforms-field-required\" name=\"wpforms[fields][2]\" spellcheck=\"false\" aria-errormessage=\"wpforms-625-field_2-error\" required><\/div><div id=\"wpforms-625-field_6-container\" class=\"wpforms-field wpforms-field-select wpforms-field-select-style-classic\" data-field-id=\"6\"><label class=\"wpforms-field-label\" for=\"wpforms-625-field_6\">Servicio de inter\u00e9s <span class=\"wpforms-required-label\" aria-hidden=\"true\">*<\/span><\/label><select id=\"wpforms-625-field_6\" class=\"wpforms-field-medium wpforms-field-required\" name=\"wpforms[fields][6]\" required=\"required\"><option value=\"Organizaci\u00f3n de evento \/ coordinaci\u00f3n de evento\"  class=\"choice-2 depth-1\"  >Organizaci\u00f3n de evento \/ coordinaci\u00f3n de evento<\/option><option value=\"Decoraci\u00f3n de evento\"  class=\"choice-1 depth-1\"  >Decoraci\u00f3n de evento<\/option><option value=\"Entretenimiento\"  class=\"choice-5 depth-1\"  >Entretenimiento<\/option><option value=\"Mobiliario\"  class=\"choice-6 depth-1\"  >Mobiliario<\/option><option value=\"Banquete y\/o Catering\"  class=\"choice-7 depth-1\"  >Banquete y\/o Catering<\/option><\/select><\/div><div id=\"wpforms-625-field_10-container\" class=\"wpforms-field wpforms-field-textarea\" data-field-id=\"10\"><label class=\"wpforms-field-label\" for=\"wpforms-625-field_10\">Comentarios adicionales (Puedes ser lo m\u00e1s especifico que quieras)<\/label><textarea id=\"wpforms-625-field_10\" class=\"wpforms-field-medium\" name=\"wpforms[fields][10]\" aria-errormessage=\"wpforms-625-field_10-error\" aria-describedby=\"wpforms-625-field_10-description\" ><\/textarea><div id=\"wpforms-625-field_10-description\" class=\"wpforms-field-description\">Una vez terminado, puedes dar clic en &#8220;Cotizar&#8221; y te contactaremos por alguno de los medios que nos proporcionaste<\/div><\/div><\/div><!-- .wpforms-field-container --><div class=\"wpforms-submit-container\" ><input type=\"hidden\" name=\"wpforms[id]\" value=\"625\"><input type=\"hidden\" name=\"page_title\" value=\"\"><input type=\"hidden\" name=\"page_url\" value=\"https:\/\/floresmasflores.mx\/index.php\/wp-json\/wp\/v2\/pages\/633\"><input type=\"hidden\" name=\"url_referer\" value=\"\"><button type=\"submit\" name=\"wpforms[submit]\" id=\"wpforms-submit-625\" class=\"wpforms-submit\" data-alt-text=\"Enviando...\" data-submit-text=\"Cotizar\" aria-live=\"assertive\" value=\"wpforms-submit\">Cotizar<\/button><img loading=\"lazy\" decoding=\"async\" src=\"https:\/\/floresmasflores.mx\/wp-content\/plugins\/wpforms-lite\/assets\/images\/submit-spin.svg\" class=\"wpforms-submit-spinner\" style=\"display: none;\" width=\"26\" height=\"26\" alt=\"Cargando\"><\/div><\/form><\/div>  <!-- .wpforms-container -->\n\n\n<div class=\"wp-block-group alignwide has-base-2-background-color has-background is-layout-flow wp-block-group-is-layout-flow\" style=\"border-radius:16px;padding-top:var(--wp--preset--spacing--50);padding-right:var(--wp--preset--spacing--50);padding-bottom:var(--wp--preset--spacing--50);padding-left:var(--wp--preset--spacing--50)\">\n<p class=\"has-text-align-center has-heading-font-family has-large-font-size\">LAS MEJORES COMPA\u00d1\u00cdAS DE M\u00c9XICO CONF\u00cdAN EN NOSOTROS<\/p>\n\n\n\n<div style=\"height:var(--wp--preset--spacing--10)\" aria-hidden=\"true\" class=\"wp-block-spacer\"><\/div>\n\n\n\n<div class=\"wp-block-group alignwide is-content-justification-center is-layout-flex wp-container-core-group-is-layout-1 wp-block-group-is-layout-flex\" style=\"padding-top:0;padding-right:0;padding-bottom:0;padding-left:0\">\n<figure class=\"wp-block-image size-full is-resized\"><img data-recalc-dims=\"1\" loading=\"lazy\" decoding=\"async\" width=\"866\" height=\"650\" src=\"https:\/\/i0.wp.com\/floresmasflores.mx\/wp-content\/uploads\/2024\/05\/camino-real1233.logowik.com_.webp?resize=866%2C650&#038;ssl=1\" alt=\"\" class=\"wp-image-601\" style=\"aspect-ratio:1.3333333333333333;object-fit:contain;width:123px;height:auto\" srcset=\"https:\/\/i0.wp.com\/floresmasflores.mx\/wp-content\/uploads\/2024\/05\/camino-real1233.logowik.com_.webp?w=866&amp;ssl=1 866w, https:\/\/i0.wp.com\/floresmasflores.mx\/wp-content\/uploads\/2024\/05\/camino-real1233.logowik.com_.webp?resize=300%2C225&amp;ssl=1 300w, https:\/\/i0.wp.com\/floresmasflores.mx\/wp-content\/uploads\/2024\/05\/camino-real1233.logowik.com_.webp?resize=768%2C576&amp;ssl=1 768w\" sizes=\"auto, (max-width: 866px) 100vw, 866px\" \/><\/figure>\n\n\n\n<figure class=\"wp-block-image size-full is-resized\"><img data-recalc-dims=\"1\" loading=\"lazy\" decoding=\"async\" width=\"315\" height=\"160\" src=\"https:\/\/i0.wp.com\/floresmasflores.mx\/wp-content\/uploads\/2024\/05\/posdas.png?resize=315%2C160&#038;ssl=1\" alt=\"\" class=\"wp-image-598\" style=\"aspect-ratio:1.3333333333333333;object-fit:contain;width:129px;height:auto\" srcset=\"https:\/\/i0.wp.com\/floresmasflores.mx\/wp-content\/uploads\/2024\/05\/posdas.png?w=315&amp;ssl=1 315w, https:\/\/i0.wp.com\/floresmasflores.mx\/wp-content\/uploads\/2024\/05\/posdas.png?resize=300%2C152&amp;ssl=1 300w\" sizes=\"auto, (max-width: 315px) 100vw, 315px\" \/><\/figure>\n\n\n\n<figure class=\"wp-block-image size-full is-resized\"><img data-recalc-dims=\"1\" loading=\"lazy\" decoding=\"async\" width=\"350\" height=\"350\" src=\"https:\/\/i0.wp.com\/floresmasflores.mx\/wp-content\/uploads\/2024\/05\/aeromexico-thumb.png?resize=350%2C350&#038;ssl=1\" alt=\"\" class=\"wp-image-612\" style=\"aspect-ratio:1.3333333333333333;object-fit:contain;width:135px;height:auto\" srcset=\"https:\/\/i0.wp.com\/floresmasflores.mx\/wp-content\/uploads\/2024\/05\/aeromexico-thumb.png?w=350&amp;ssl=1 350w, https:\/\/i0.wp.com\/floresmasflores.mx\/wp-content\/uploads\/2024\/05\/aeromexico-thumb.png?resize=300%2C300&amp;ssl=1 300w, https:\/\/i0.wp.com\/floresmasflores.mx\/wp-content\/uploads\/2024\/05\/aeromexico-thumb.png?resize=150%2C150&amp;ssl=1 150w\" sizes=\"auto, (max-width: 350px) 100vw, 350px\" \/><\/figure>\n\n\n\n<figure class=\"wp-block-image size-full is-resized\"><img data-recalc-dims=\"1\" loading=\"lazy\" decoding=\"async\" width=\"180\" height=\"180\" src=\"https:\/\/i0.wp.com\/floresmasflores.mx\/wp-content\/uploads\/2024\/05\/cantalagua.png?resize=180%2C180&#038;ssl=1\" alt=\"\" class=\"wp-image-597\" style=\"aspect-ratio:1.3333333333333333;object-fit:contain;width:124px;height:auto\" srcset=\"https:\/\/i0.wp.com\/floresmasflores.mx\/wp-content\/uploads\/2024\/05\/cantalagua.png?w=180&amp;ssl=1 180w, https:\/\/i0.wp.com\/floresmasflores.mx\/wp-content\/uploads\/2024\/05\/cantalagua.png?resize=150%2C150&amp;ssl=1 150w\" sizes=\"auto, (max-width: 180px) 100vw, 180px\" \/><\/figure>\n\n\n\n<figure class=\"wp-block-image size-full is-resized\"><img data-recalc-dims=\"1\" loading=\"lazy\" decoding=\"async\" width=\"866\" height=\"650\" src=\"https:\/\/i0.wp.com\/floresmasflores.mx\/wp-content\/uploads\/2024\/05\/grupo-posadas9083.logowik.com_.webp?resize=866%2C650&#038;ssl=1\" alt=\"\" class=\"wp-image-595\" style=\"aspect-ratio:1.3333333333333333;object-fit:contain;width:120px;height:auto\" srcset=\"https:\/\/i0.wp.com\/floresmasflores.mx\/wp-content\/uploads\/2024\/05\/grupo-posadas9083.logowik.com_.webp?w=866&amp;ssl=1 866w, https:\/\/i0.wp.com\/floresmasflores.mx\/wp-content\/uploads\/2024\/05\/grupo-posadas9083.logowik.com_.webp?resize=300%2C225&amp;ssl=1 300w, https:\/\/i0.wp.com\/floresmasflores.mx\/wp-content\/uploads\/2024\/05\/grupo-posadas9083.logowik.com_.webp?resize=768%2C576&amp;ssl=1 768w\" sizes=\"auto, (max-width: 866px) 100vw, 866px\" \/><\/figure>\n\n\n\n<figure class=\"wp-block-image size-full is-resized\"><img data-recalc-dims=\"1\" loading=\"lazy\" decoding=\"async\" width=\"550\" height=\"550\" src=\"https:\/\/i0.wp.com\/floresmasflores.mx\/wp-content\/uploads\/2024\/05\/denisemarquis.jpg?resize=550%2C550&#038;ssl=1\" alt=\"\" class=\"wp-image-596\" style=\"aspect-ratio:1.3333333333333333;object-fit:contain;width:129px;height:auto\" srcset=\"https:\/\/i0.wp.com\/floresmasflores.mx\/wp-content\/uploads\/2024\/05\/denisemarquis.jpg?w=550&amp;ssl=1 550w, https:\/\/i0.wp.com\/floresmasflores.mx\/wp-content\/uploads\/2024\/05\/denisemarquis.jpg?resize=300%2C300&amp;ssl=1 300w, https:\/\/i0.wp.com\/floresmasflores.mx\/wp-content\/uploads\/2024\/05\/denisemarquis.jpg?resize=150%2C150&amp;ssl=1 150w\" sizes=\"auto, (max-width: 550px) 100vw, 550px\" \/><\/figure>\n\n\n\n<figure class=\"wp-block-image size-full is-resized\"><img data-recalc-dims=\"1\" loading=\"lazy\" decoding=\"async\" width=\"300\" height=\"126\" src=\"https:\/\/i0.wp.com\/floresmasflores.mx\/wp-content\/uploads\/2024\/05\/viestaamerf.png?resize=300%2C126&#038;ssl=1\" alt=\"\" class=\"wp-image-599\" style=\"aspect-ratio:1.3333333333333333;object-fit:contain;width:113px;height:auto\"\/><\/figure>\n\n\n\n<figure class=\"wp-block-image size-full is-resized\"><img data-recalc-dims=\"1\" loading=\"lazy\" decoding=\"async\" width=\"289\" height=\"175\" src=\"https:\/\/i0.wp.com\/floresmasflores.mx\/wp-content\/uploads\/2024\/05\/bydlog.png?resize=289%2C175&#038;ssl=1\" alt=\"\" class=\"wp-image-613\" style=\"aspect-ratio:1.3333333333333333;object-fit:contain;width:95px;height:auto\"\/><\/figure>\n\n\n\n<figure class=\"wp-block-image size-full is-resized\"><img data-recalc-dims=\"1\" loading=\"lazy\" decoding=\"async\" width=\"960\" height=\"960\" src=\"https:\/\/i0.wp.com\/floresmasflores.mx\/wp-content\/uploads\/2024\/05\/casaxipe.jpg?resize=960%2C960&#038;ssl=1\" alt=\"\" class=\"wp-image-603\" style=\"aspect-ratio:1.3333333333333333;object-fit:contain;width:120px;height:auto\" srcset=\"https:\/\/i0.wp.com\/floresmasflores.mx\/wp-content\/uploads\/2024\/05\/casaxipe.jpg?w=960&amp;ssl=1 960w, https:\/\/i0.wp.com\/floresmasflores.mx\/wp-content\/uploads\/2024\/05\/casaxipe.jpg?resize=300%2C300&amp;ssl=1 300w, https:\/\/i0.wp.com\/floresmasflores.mx\/wp-content\/uploads\/2024\/05\/casaxipe.jpg?resize=150%2C150&amp;ssl=1 150w, https:\/\/i0.wp.com\/floresmasflores.mx\/wp-content\/uploads\/2024\/05\/casaxipe.jpg?resize=768%2C768&amp;ssl=1 768w\" sizes=\"auto, (max-width: 960px) 100vw, 960px\" \/><\/figure>\n\n\n\n<figure class=\"wp-block-image size-full is-resized\"><img data-recalc-dims=\"1\" loading=\"lazy\" decoding=\"async\" width=\"3840\" height=\"2160\" src=\"https:\/\/i0.wp.com\/floresmasflores.mx\/wp-content\/uploads\/2024\/05\/Ernst-Young-Logo.png?resize=3840%2C2160&#038;ssl=1\" alt=\"\" class=\"wp-image-614\" style=\"aspect-ratio:1.3333333333333333;object-fit:contain;width:139px;height:auto\" srcset=\"https:\/\/i0.wp.com\/floresmasflores.mx\/wp-content\/uploads\/2024\/05\/Ernst-Young-Logo.png?w=3840&amp;ssl=1 3840w, https:\/\/i0.wp.com\/floresmasflores.mx\/wp-content\/uploads\/2024\/05\/Ernst-Young-Logo.png?resize=300%2C169&amp;ssl=1 300w, https:\/\/i0.wp.com\/floresmasflores.mx\/wp-content\/uploads\/2024\/05\/Ernst-Young-Logo.png?resize=1024%2C576&amp;ssl=1 1024w, https:\/\/i0.wp.com\/floresmasflores.mx\/wp-content\/uploads\/2024\/05\/Ernst-Young-Logo.png?resize=768%2C432&amp;ssl=1 768w, https:\/\/i0.wp.com\/floresmasflores.mx\/wp-content\/uploads\/2024\/05\/Ernst-Young-Logo.png?resize=1536%2C864&amp;ssl=1 1536w, https:\/\/i0.wp.com\/floresmasflores.mx\/wp-content\/uploads\/2024\/05\/Ernst-Young-Logo.png?resize=2048%2C1152&amp;ssl=1 2048w, https:\/\/i0.wp.com\/floresmasflores.mx\/wp-content\/uploads\/2024\/05\/Ernst-Young-Logo.png?w=3000 3000w\" sizes=\"auto, (max-width: 1000px) 100vw, 1000px\" \/><\/figure>\n\n\n\n<figure class=\"wp-block-image size-full is-resized\"><img data-recalc-dims=\"1\" loading=\"lazy\" decoding=\"async\" width=\"1920\" height=\"960\" src=\"https:\/\/i0.wp.com\/floresmasflores.mx\/wp-content\/uploads\/2024\/05\/sheraton-full-lockup-1.png?resize=1920%2C960&#038;ssl=1\" alt=\"\" class=\"wp-image-602\" style=\"aspect-ratio:1.3333333333333333;object-fit:contain;width:129px;height:auto\" srcset=\"https:\/\/i0.wp.com\/floresmasflores.mx\/wp-content\/uploads\/2024\/05\/sheraton-full-lockup-1.png?w=1920&amp;ssl=1 1920w, https:\/\/i0.wp.com\/floresmasflores.mx\/wp-content\/uploads\/2024\/05\/sheraton-full-lockup-1.png?resize=300%2C150&amp;ssl=1 300w, https:\/\/i0.wp.com\/floresmasflores.mx\/wp-content\/uploads\/2024\/05\/sheraton-full-lockup-1.png?resize=1024%2C512&amp;ssl=1 1024w, https:\/\/i0.wp.com\/floresmasflores.mx\/wp-content\/uploads\/2024\/05\/sheraton-full-lockup-1.png?resize=768%2C384&amp;ssl=1 768w, https:\/\/i0.wp.com\/floresmasflores.mx\/wp-content\/uploads\/2024\/05\/sheraton-full-lockup-1.png?resize=1536%2C768&amp;ssl=1 1536w\" sizes=\"auto, (max-width: 1000px) 100vw, 1000px\" \/><\/figure>\n\n\n\n<figure class=\"wp-block-image size-full is-resized\"><img data-recalc-dims=\"1\" loading=\"lazy\" decoding=\"async\" width=\"300\" height=\"168\" src=\"https:\/\/i0.wp.com\/floresmasflores.mx\/wp-content\/uploads\/2024\/05\/marriott.png?resize=300%2C168\" alt=\"\" class=\"wp-image-600\" style=\"aspect-ratio:1.3333333333333333;object-fit:contain;width:109px;height:auto\"\/><\/figure>\n\n\n\n<figure class=\"wp-block-image size-full is-resized\"><img data-recalc-dims=\"1\" loading=\"lazy\" decoding=\"async\" width=\"225\" height=\"225\" src=\"https:\/\/i0.wp.com\/floresmasflores.mx\/wp-content\/uploads\/2024\/05\/ciees.png?resize=225%2C225&#038;ssl=1\" alt=\"\" class=\"wp-image-606\" style=\"aspect-ratio:1.3333333333333333;object-fit:contain;width:104px;height:auto\" srcset=\"https:\/\/i0.wp.com\/floresmasflores.mx\/wp-content\/uploads\/2024\/05\/ciees.png?w=225&amp;ssl=1 225w, https:\/\/i0.wp.com\/floresmasflores.mx\/wp-content\/uploads\/2024\/05\/ciees.png?resize=150%2C150&amp;ssl=1 150w\" sizes=\"auto, (max-width: 225px) 100vw, 225px\" \/><\/figure>\n\n\n\n<figure class=\"wp-block-image size-full is-resized\"><img data-recalc-dims=\"1\" loading=\"lazy\" decoding=\"async\" width=\"225\" height=\"225\" src=\"https:\/\/i0.wp.com\/floresmasflores.mx\/wp-content\/uploads\/2024\/05\/dlormorales.png?resize=225%2C225&#038;ssl=1\" alt=\"\" class=\"wp-image-607\" style=\"aspect-ratio:1.3333333333333333;object-fit:contain;width:127px;height:auto\" srcset=\"https:\/\/i0.wp.com\/floresmasflores.mx\/wp-content\/uploads\/2024\/05\/dlormorales.png?w=225&amp;ssl=1 225w, https:\/\/i0.wp.com\/floresmasflores.mx\/wp-content\/uploads\/2024\/05\/dlormorales.png?resize=150%2C150&amp;ssl=1 150w\" sizes=\"auto, (max-width: 225px) 100vw, 225px\" \/><\/figure>\n\n\n\n<figure class=\"wp-block-image size-full is-resized\"><img data-recalc-dims=\"1\" loading=\"lazy\" decoding=\"async\" width=\"195\" height=\"195\" src=\"https:\/\/i0.wp.com\/floresmasflores.mx\/wp-content\/uploads\/2024\/05\/sedenamexico.png?resize=195%2C195&#038;ssl=1\" alt=\"\" class=\"wp-image-608\" style=\"aspect-ratio:1.3333333333333333;object-fit:contain;width:127px;height:auto\" srcset=\"https:\/\/i0.wp.com\/floresmasflores.mx\/wp-content\/uploads\/2024\/05\/sedenamexico.png?w=195&amp;ssl=1 195w, https:\/\/i0.wp.com\/floresmasflores.mx\/wp-content\/uploads\/2024\/05\/sedenamexico.png?resize=150%2C150&amp;ssl=1 150w\" sizes=\"auto, (max-width: 195px) 100vw, 195px\" \/><\/figure>\n\n\n\n<figure class=\"wp-block-image size-full is-resized\"><img data-recalc-dims=\"1\" loading=\"lazy\" decoding=\"async\" width=\"1200\" height=\"294\" src=\"https:\/\/i0.wp.com\/floresmasflores.mx\/wp-content\/uploads\/2024\/08\/Pinterest_Logo.svg_.png?resize=1200%2C294&#038;ssl=1\" alt=\"\" class=\"wp-image-902\" style=\"aspect-ratio:1.3333333333333333;object-fit:contain;width:133px;height:auto\" srcset=\"https:\/\/i0.wp.com\/floresmasflores.mx\/wp-content\/uploads\/2024\/08\/Pinterest_Logo.svg_.png?w=1200&amp;ssl=1 1200w, https:\/\/i0.wp.com\/floresmasflores.mx\/wp-content\/uploads\/2024\/08\/Pinterest_Logo.svg_.png?resize=300%2C74&amp;ssl=1 300w, https:\/\/i0.wp.com\/floresmasflores.mx\/wp-content\/uploads\/2024\/08\/Pinterest_Logo.svg_.png?resize=1024%2C251&amp;ssl=1 1024w, https:\/\/i0.wp.com\/floresmasflores.mx\/wp-content\/uploads\/2024\/08\/Pinterest_Logo.svg_.png?resize=768%2C188&amp;ssl=1 768w\" sizes=\"auto, (max-width: 1000px) 100vw, 1000px\" \/><\/figure>\n\n\n\n<figure class=\"wp-block-image size-full is-resized\"><img data-recalc-dims=\"1\" loading=\"lazy\" decoding=\"async\" width=\"735\" height=\"521\" src=\"https:\/\/i0.wp.com\/floresmasflores.mx\/wp-content\/uploads\/2024\/05\/eb77db_a8bf1e8657ca4451b19bc5782319d777mv2.jpg?resize=735%2C521&#038;ssl=1\" alt=\"\" class=\"wp-image-609\" style=\"aspect-ratio:1.3333333333333333;object-fit:contain;width:113px;height:auto\" srcset=\"https:\/\/i0.wp.com\/floresmasflores.mx\/wp-content\/uploads\/2024\/05\/eb77db_a8bf1e8657ca4451b19bc5782319d777mv2.jpg?w=735&amp;ssl=1 735w, https:\/\/i0.wp.com\/floresmasflores.mx\/wp-content\/uploads\/2024\/05\/eb77db_a8bf1e8657ca4451b19bc5782319d777mv2.jpg?resize=300%2C213&amp;ssl=1 300w\" sizes=\"auto, (max-width: 735px) 100vw, 735px\" \/><\/figure>\n\n\n\n<figure class=\"wp-block-image size-full is-resized\"><img data-recalc-dims=\"1\" loading=\"lazy\" decoding=\"async\" width=\"600\" height=\"500\" src=\"https:\/\/i0.wp.com\/floresmasflores.mx\/wp-content\/uploads\/2024\/05\/HACIENDA-JURICA.jpg?resize=600%2C500&#038;ssl=1\" alt=\"\" class=\"wp-image-610\" style=\"aspect-ratio:1.3333333333333333;object-fit:contain;width:140px;height:auto\" srcset=\"https:\/\/i0.wp.com\/floresmasflores.mx\/wp-content\/uploads\/2024\/05\/HACIENDA-JURICA.jpg?w=600&amp;ssl=1 600w, https:\/\/i0.wp.com\/floresmasflores.mx\/wp-content\/uploads\/2024\/05\/HACIENDA-JURICA.jpg?resize=300%2C250&amp;ssl=1 300w\" sizes=\"auto, (max-width: 600px) 100vw, 600px\" \/><\/figure>\n\n\n\n<figure class=\"wp-block-image size-full is-resized\"><img data-recalc-dims=\"1\" loading=\"lazy\" decoding=\"async\" width=\"225\" height=\"225\" src=\"https:\/\/i0.wp.com\/floresmasflores.mx\/wp-content\/uploads\/2024\/05\/esfn.png?resize=225%2C225&#038;ssl=1\" alt=\"\" class=\"wp-image-611\" style=\"aspect-ratio:1.3333333333333333;object-fit:contain;width:133px;height:auto\" srcset=\"https:\/\/i0.wp.com\/floresmasflores.mx\/wp-content\/uploads\/2024\/05\/esfn.png?w=225&amp;ssl=1 225w, https:\/\/i0.wp.com\/floresmasflores.mx\/wp-content\/uploads\/2024\/05\/esfn.png?resize=150%2C150&amp;ssl=1 150w\" sizes=\"auto, (max-width: 225px) 100vw, 225px\" \/><\/figure>\n\n\n\n<figure class=\"wp-block-image size-full is-resized\"><img data-recalc-dims=\"1\" loading=\"lazy\" decoding=\"async\" width=\"300\" height=\"300\" src=\"https:\/\/i0.wp.com\/floresmasflores.mx\/wp-content\/uploads\/2024\/08\/avon-logo-16D689B571-seeklogo.com_.png?resize=300%2C300&#038;ssl=1\" alt=\"\" class=\"wp-image-903\" style=\"aspect-ratio:1.3333333333333333;object-fit:contain;width:133px;height:auto\" srcset=\"https:\/\/i0.wp.com\/floresmasflores.mx\/wp-content\/uploads\/2024\/08\/avon-logo-16D689B571-seeklogo.com_.png?w=300&amp;ssl=1 300w, https:\/\/i0.wp.com\/floresmasflores.mx\/wp-content\/uploads\/2024\/08\/avon-logo-16D689B571-seeklogo.com_.png?resize=150%2C150&amp;ssl=1 150w\" sizes=\"auto, (max-width: 300px) 100vw, 300px\" \/><\/figure>\n<\/div>\n<\/div>\n","protected":false},"excerpt":{"rendered":"<p>LLENA EL SIGUIENTE FORMULARIO R\u00c1PIDO PARA COTIZAR TU EVENTO CORPORATIVO Y TE CONTACTAREMOS EN MENOS DE 10 MINUTOS O TAMBI\u00c9N PUEDES ENVIARNOS MENSAJE POR WHATSAPP.<\/p>\n","protected":false},"author":1,"featured_media":0,"parent":0,"menu_order":0,"comment_status":"closed","ping_status":"closed","template":"","meta":{"footnotes":""},"class_list":["post-633","page","type-page","status-publish","hentry"],"aioseo_notices":[],"jetpack_likes_enabled":true,"jetpack_sharing_enabled":true,"_links":{"self":[{"href":"https:\/\/floresmasflores.mx\/index.php\/wp-json\/wp\/v2\/pages\/633","targetHints":{"allow":["GET"]}}],"collection":[{"href":"https:\/\/floresmasflores.mx\/index.php\/wp-json\/wp\/v2\/pages"}],"about":[{"href":"https:\/\/floresmasflores.mx\/index.php\/wp-json\/wp\/v2\/types\/page"}],"author":[{"embeddable":true,"href":"https:\/\/floresmasflores.mx\/index.php\/wp-json\/wp\/v2\/users\/1"}],"replies":[{"embeddable":true,"href":"https:\/\/floresmasflores.mx\/index.php\/wp-json\/wp\/v2\/comments?post=633"}],"version-history":[{"count":4,"href":"https:\/\/floresmasflores.mx\/index.php\/wp-json\/wp\/v2\/pages\/633\/revisions"}],"predecessor-version":[{"id":726,"href":"https:\/\/floresmasflores.mx\/index.php\/wp-json\/wp\/v2\/pages\/633\/revisions\/726"}],"wp:attachment":[{"href":"https:\/\/floresmasflores.mx\/index.php\/wp-json\/wp\/v2\/media?parent=633"}],"curies":[{"name":"wp","href":"https:\/\/api.w.org\/{rel}","templated":true}]}}