{"id":628,"date":"2024-05-22T20:50:46","date_gmt":"2024-05-22T20:50:46","guid":{"rendered":"https:\/\/floresmasflores.mx\/?page_id=628"},"modified":"2024-07-03T19:29:42","modified_gmt":"2024-07-03T19:29:42","slug":"cotizar-evento-social","status":"publish","type":"page","link":"https:\/\/floresmasflores.mx\/index.php\/cotizar-evento-social\/","title":{"rendered":"COTIZAR EVENTO SOCIAL"},"content":{"rendered":"\n<p>LLENA EL SIGUIENTE FORMULARIO R\u00c1PIDO PARA COTIZAR TU EVENTO SOCIAL, TE CONTACTAREMOS MUY PRONTO O PUEDES ENVIARNOS MENSAJE EN WHATSAPP DANDO CLIC EN EL BOT\u00d3N.<\/p>\n\n\n\n<div class=\"wp-block-jetpack-send-a-message\"><\/div>\n\n\n<div class=\"wpforms-container wpforms-container-full wpforms-block wpforms-block-65c8d6e7-0582-4c06-b470-17e658f9ad7f wpforms-render-modern\" id=\"wpforms-621\"><form id=\"wpforms-form-621\" class=\"wpforms-validate wpforms-form wpforms-ajax-form\" data-formid=\"621\" method=\"post\" enctype=\"multipart\/form-data\" action=\"\/index.php\/wp-json\/wp\/v2\/pages\/628\" data-token=\"8f59d6acbf95b2131de33ce7c954d8ac\" data-token-time=\"1778071573\"><noscript class=\"wpforms-error-noscript\">Por favor, activa JavaScript en tu navegador para completar este formulario.<\/noscript><div id=\"wpforms-error-noscript\" style=\"display: none;\">Por favor, activa JavaScript en tu navegador para completar este formulario.<\/div><div class=\"wpforms-field-container\"><div id=\"wpforms-621-field_1-container\" class=\"wpforms-field wpforms-field-name\" data-field-id=\"1\"><label class=\"wpforms-field-label\" for=\"wpforms-621-field_1\">Nombre <span class=\"wpforms-required-label\" aria-hidden=\"true\">*<\/span><\/label><input type=\"text\" id=\"wpforms-621-field_1\" class=\"wpforms-field-medium wpforms-field-required\" name=\"wpforms[fields][1]\" aria-errormessage=\"wpforms-621-field_1-error\" required><\/div><div id=\"wpforms-621-field_3-container\" class=\"wpforms-field wpforms-field-number\" data-field-id=\"3\"><label class=\"wpforms-field-label\" for=\"wpforms-621-field_3\">Tel\u00e9fono de contacto <span class=\"wpforms-required-label\" aria-hidden=\"true\">*<\/span><\/label><input type=\"number\" id=\"wpforms-621-field_3\" class=\"wpforms-field-medium wpforms-field-required\" name=\"wpforms[fields][3]\" step=\"any\" aria-errormessage=\"wpforms-621-field_3-error\" aria-describedby=\"wpforms-621-field_3-description\" required><div id=\"wpforms-621-field_3-description\" class=\"wpforms-field-description\">Aqu\u00ed ser\u00e1 m\u00e1s f\u00e1cil y r\u00e1pido contactarte<\/div><\/div><div id=\"wpforms-621-field_6-container\" class=\"wpforms-field wpforms-field-select wpforms-field-select-style-classic\" data-field-id=\"6\"><label class=\"wpforms-field-label\" for=\"wpforms-621-field_6\">\u00bfCuando es tu boda? <span class=\"wpforms-required-label\" aria-hidden=\"true\">*<\/span><\/label><select id=\"wpforms-621-field_6\" class=\"wpforms-field-medium wpforms-field-required\" name=\"wpforms[fields][6]\" required=\"required\"><option value=\"En los pr\u00f3ximos meses\"  class=\"choice-2 depth-1\"  >En los pr\u00f3ximos meses<\/option><option value=\"Dentro de 6 meses\"  class=\"choice-1 depth-1\"  >Dentro de 6 meses<\/option><option value=\"Dentro de 1 a\u00f1o\"  class=\"choice-7 depth-1\"  >Dentro de 1 a\u00f1o<\/option><option value=\"A\u00fan no tengo mi fecha, quiero que me orienten\"  class=\"choice-6 depth-1\"  >A\u00fan no tengo mi fecha, quiero que me orienten<\/option><\/select><\/div><div id=\"wpforms-621-field_12-container\" class=\"wpforms-field wpforms-field-select wpforms-field-select-style-classic\" data-field-id=\"12\"><label class=\"wpforms-field-label\" for=\"wpforms-621-field_12\">\u00bfTienes preferencia de algun estilo de decoraci\u00f3n? <span class=\"wpforms-required-label\" aria-hidden=\"true\">*<\/span><\/label><select id=\"wpforms-621-field_12\" class=\"wpforms-field-medium wpforms-field-required\" name=\"wpforms[fields][12]\" required=\"required\"><option value=\"Me gusta lo minimalista\"  class=\"choice-2 depth-1\"  >Me gusta lo minimalista<\/option><option value=\"Me gusta lo campirano y mexicano\"  class=\"choice-1 depth-1\"  >Me gusta lo campirano y mexicano<\/option><option value=\"Me gusta la tendencia vintage\"  class=\"choice-7 depth-1\"  >Me gusta la tendencia vintage<\/option><option value=\"Me gusta lo cl\u00e1sico\"  class=\"choice-6 depth-1\"  >Me gusta lo cl\u00e1sico<\/option><\/select><\/div><div id=\"wpforms-621-field_13-container\" class=\"wpforms-field wpforms-field-select wpforms-field-select-style-classic\" data-field-id=\"13\"><label class=\"wpforms-field-label\" for=\"wpforms-621-field_13\">\u00bfD\u00f3nde te casas? \/ solo si tienes lugar<\/label><select id=\"wpforms-621-field_13\" class=\"wpforms-field-medium\" name=\"wpforms[fields][13]\"><option value=\"Ciudad de M\u00e9xico\"  class=\"choice-2 depth-1\"  >Ciudad de M\u00e9xico<\/option><option value=\"Estado de M\u00e9xico\"  class=\"choice-1 depth-1\"  >Estado de M\u00e9xico<\/option><option value=\"Morelos\"  class=\"choice-7 depth-1\"  >Morelos<\/option><option value=\"Otro estado del Pa\u00eds\"  class=\"choice-6 depth-1\"  >Otro estado del Pa\u00eds<\/option><\/select><div id=\"wpforms-621-field_13-description\" class=\"wpforms-field-description\">S\u00ed aun no cuentas con un venue, deja este campo en blanco<\/div><\/div><div id=\"wpforms-621-field_7-container\" class=\"wpforms-field wpforms-field-select wpforms-field-select-style-classic\" data-field-id=\"7\"><label class=\"wpforms-field-label\" for=\"wpforms-621-field_7\">Presupuesto de tu boda <span class=\"wpforms-required-label\" aria-hidden=\"true\">*<\/span><\/label><select id=\"wpforms-621-field_7\" class=\"wpforms-field-medium wpforms-field-required\" name=\"wpforms[fields][7]\" required=\"required\"><option value=\"$75,000 a $100,000\"  class=\"choice-3 depth-1\"  >$75,000 a $100,000<\/option><option value=\"$100,000 a $200,000\"  class=\"choice-1 depth-1\"  >$100,000 a $200,000<\/option><option value=\"$200,000 a $500,000\"  class=\"choice-4 depth-1\"  >$200,000 a $500,000<\/option><option value=\"$500,000 o m\u00e1s\"  class=\"choice-5 depth-1\"  >$500,000 o m\u00e1s<\/option><\/select><div id=\"wpforms-621-field_7-description\" class=\"wpforms-field-description\">Esto nos ayudar\u00e1 a sugerirte distintas opciones que se adaptar\u00e1n a tu presupuesto<\/div><\/div><\/div><!-- .wpforms-field-container --><div class=\"wpforms-submit-container\" ><input type=\"hidden\" name=\"wpforms[id]\" value=\"621\"><input type=\"hidden\" name=\"page_title\" value=\"\"><input type=\"hidden\" name=\"page_url\" value=\"https:\/\/floresmasflores.mx\/index.php\/wp-json\/wp\/v2\/pages\/628\"><input type=\"hidden\" name=\"url_referer\" value=\"\"><button type=\"submit\" name=\"wpforms[submit]\" id=\"wpforms-submit-621\" class=\"wpforms-submit\" data-alt-text=\"Enviando...\" data-submit-text=\"Enviar\" aria-live=\"assertive\" value=\"wpforms-submit\">Enviar<\/button><img loading=\"lazy\" decoding=\"async\" src=\"https:\/\/floresmasflores.mx\/wp-content\/plugins\/wpforms-lite\/assets\/images\/submit-spin.svg\" class=\"wpforms-submit-spinner\" style=\"display: none;\" width=\"26\" height=\"26\" alt=\"Cargando\"><\/div><\/form><\/div>  <!-- .wpforms-container -->","protected":false},"excerpt":{"rendered":"<p>LLENA EL SIGUIENTE FORMULARIO R\u00c1PIDO PARA COTIZAR TU EVENTO SOCIAL, TE CONTACTAREMOS MUY PRONTO O PUEDES ENVIARNOS MENSAJE EN WHATSAPP DANDO CLIC EN EL BOT\u00d3N.<\/p>\n","protected":false},"author":1,"featured_media":0,"parent":0,"menu_order":0,"comment_status":"closed","ping_status":"closed","template":"","meta":{"footnotes":""},"class_list":["post-628","page","type-page","status-publish","hentry"],"aioseo_notices":[],"jetpack_likes_enabled":true,"jetpack_sharing_enabled":true,"_links":{"self":[{"href":"https:\/\/floresmasflores.mx\/index.php\/wp-json\/wp\/v2\/pages\/628","targetHints":{"allow":["GET"]}}],"collection":[{"href":"https:\/\/floresmasflores.mx\/index.php\/wp-json\/wp\/v2\/pages"}],"about":[{"href":"https:\/\/floresmasflores.mx\/index.php\/wp-json\/wp\/v2\/types\/page"}],"author":[{"embeddable":true,"href":"https:\/\/floresmasflores.mx\/index.php\/wp-json\/wp\/v2\/users\/1"}],"replies":[{"embeddable":true,"href":"https:\/\/floresmasflores.mx\/index.php\/wp-json\/wp\/v2\/comments?post=628"}],"version-history":[{"count":4,"href":"https:\/\/floresmasflores.mx\/index.php\/wp-json\/wp\/v2\/pages\/628\/revisions"}],"predecessor-version":[{"id":784,"href":"https:\/\/floresmasflores.mx\/index.php\/wp-json\/wp\/v2\/pages\/628\/revisions\/784"}],"wp:attachment":[{"href":"https:\/\/floresmasflores.mx\/index.php\/wp-json\/wp\/v2\/media?parent=628"}],"curies":[{"name":"wp","href":"https:\/\/api.w.org\/{rel}","templated":true}]}}