{"id":473,"date":"2024-02-29T02:46:25","date_gmt":"2024-02-29T02:46:25","guid":{"rendered":"https:\/\/floresmasflores.mx\/?page_id=473"},"modified":"2024-02-29T02:46:26","modified_gmt":"2024-02-29T02:46:26","slug":"disenofloral","status":"publish","type":"page","link":"https:\/\/floresmasflores.mx\/index.php\/disenofloral\/","title":{"rendered":"DISE\u00d1O FLORAL"},"content":{"rendered":"\n<div class=\"wp-block-group alignfull has-global-padding is-layout-constrained wp-container-core-group-is-layout-2 wp-block-group-is-layout-constrained\" style=\"padding-top:var(--wp--preset--spacing--50);padding-right:var(--wp--preset--spacing--50);padding-bottom:var(--wp--preset--spacing--50);padding-left:var(--wp--preset--spacing--50)\">\n<h1 class=\"wp-block-heading has-text-align-center has-x-large-font-size\">FLORISTER\u00cdA DE AUTOR<\/h1>\n\n\n\n<div class=\"wp-block-group has-global-padding is-layout-constrained wp-container-core-group-is-layout-1 wp-block-group-is-layout-constrained\">\n<div style=\"height:1.25rem\" aria-hidden=\"true\" class=\"wp-block-spacer\"><\/div>\n\n\n\n<p class=\"has-text-align-center\">Ofrecemos servicios de excelencia en Dise\u00f1o Floral para hacer de tu boda un evento inolvidable. Nuestro equipo de expertos, l\u00edderados por nuestra dise\u00f1adora floral, Ruth Osio, est\u00e1 aqu\u00ed para ayudarte en cada paso del camino, desde la paleta de colores, hasta el tipo de flor a escoger seg\u00fan la tem\u00e1tica de tu evento<\/p>\n\n\n\n<div style=\"height:1.25rem\" aria-hidden=\"true\" class=\"wp-block-spacer\"><\/div>\n\n\n\n<div class=\"wp-block-buttons is-content-justification-center is-layout-flex wp-container-core-buttons-is-layout-1 wp-block-buttons-is-layout-flex\"><\/div>\n<\/div>\n\n\n\n<div style=\"height:var(--wp--preset--spacing--30)\" aria-hidden=\"true\" class=\"wp-block-spacer\"><\/div>\n\n\n\n<figure class=\"wp-block-image alignwide size-full is-style-rounded is-style-rounded--1\"><img data-recalc-dims=\"1\" loading=\"lazy\" decoding=\"async\" width=\"1280\" height=\"854\" src=\"https:\/\/i0.wp.com\/floresmasflores.mx\/wp-content\/uploads\/2024\/02\/Imagen-de-WhatsApp-2024-02-26-a-las-15.21.58_6bc7726f.jpg?resize=1280%2C854\" alt=\"\" class=\"wp-image-453\" srcset=\"https:\/\/i0.wp.com\/floresmasflores.mx\/wp-content\/uploads\/2024\/02\/Imagen-de-WhatsApp-2024-02-26-a-las-15.21.58_6bc7726f.jpg?w=1280&amp;ssl=1 1280w, https:\/\/i0.wp.com\/floresmasflores.mx\/wp-content\/uploads\/2024\/02\/Imagen-de-WhatsApp-2024-02-26-a-las-15.21.58_6bc7726f.jpg?resize=300%2C200&amp;ssl=1 300w, https:\/\/i0.wp.com\/floresmasflores.mx\/wp-content\/uploads\/2024\/02\/Imagen-de-WhatsApp-2024-02-26-a-las-15.21.58_6bc7726f.jpg?resize=1024%2C683&amp;ssl=1 1024w, https:\/\/i0.wp.com\/floresmasflores.mx\/wp-content\/uploads\/2024\/02\/Imagen-de-WhatsApp-2024-02-26-a-las-15.21.58_6bc7726f.jpg?resize=768%2C512&amp;ssl=1 768w\" sizes=\"auto, (max-width: 1000px) 100vw, 1000px\" \/><\/figure>\n<\/div>\n\n\n\n<div class=\"wp-block-group alignfull has-global-padding is-layout-constrained wp-container-core-group-is-layout-3 wp-block-group-is-layout-constrained\" style=\"margin-top:0;margin-bottom:0;padding-top:var(--wp--preset--spacing--50);padding-right:var(--wp--preset--spacing--50);padding-bottom:var(--wp--preset--spacing--50);padding-left:var(--wp--preset--spacing--50)\">\n<div class=\"wp-block-columns alignwide are-vertically-aligned-center is-layout-flex wp-container-core-columns-is-layout-1 wp-block-columns-is-layout-flex\">\n<div class=\"wp-block-column is-vertically-aligned-center is-layout-flow wp-block-column-is-layout-flow\" style=\"flex-basis:50%\">\n<h2 class=\"wp-block-heading\">\u00bfEn qu\u00e9 consiste el servicio de dise\u00f1o floral?<\/h2>\n\n\n\n<p>El servicio de dise\u00f1o floral es la soluci\u00f3n perfecta para aquellos novios que desean tener una boda especial, que destaque por el estilo decorativo y el ambiente que genera. Nuestro equipo de profesionales se encargar\u00e1 de cada aspecto de la decoraci\u00f3n de su evento.<\/p>\n\n\n\n<div class=\"wp-block-buttons is-layout-flex wp-block-buttons-is-layout-flex\"><\/div>\n<\/div>\n\n\n\n<div class=\"wp-block-column is-vertically-aligned-center is-layout-flow wp-block-column-is-layout-flow\" style=\"flex-basis:50%\">\n<figure class=\"wp-block-image size-full is-resized is-style-rounded is-style-rounded--2\"><img data-recalc-dims=\"1\" loading=\"lazy\" decoding=\"async\" width=\"1984\" height=\"2048\" src=\"https:\/\/i0.wp.com\/floresmasflores.mx\/wp-content\/uploads\/2024\/02\/eff4517a-fdac-4166-bb2d-ad6cda3fd88a.jpg?resize=1984%2C2048\" alt=\"\" class=\"wp-image-474\" style=\"aspect-ratio:1.3333333333333333;object-fit:cover;width:588px;height:auto\" srcset=\"https:\/\/i0.wp.com\/floresmasflores.mx\/wp-content\/uploads\/2024\/02\/eff4517a-fdac-4166-bb2d-ad6cda3fd88a.jpg?w=1984&amp;ssl=1 1984w, https:\/\/i0.wp.com\/floresmasflores.mx\/wp-content\/uploads\/2024\/02\/eff4517a-fdac-4166-bb2d-ad6cda3fd88a.jpg?resize=291%2C300&amp;ssl=1 291w, https:\/\/i0.wp.com\/floresmasflores.mx\/wp-content\/uploads\/2024\/02\/eff4517a-fdac-4166-bb2d-ad6cda3fd88a.jpg?resize=992%2C1024&amp;ssl=1 992w, https:\/\/i0.wp.com\/floresmasflores.mx\/wp-content\/uploads\/2024\/02\/eff4517a-fdac-4166-bb2d-ad6cda3fd88a.jpg?resize=768%2C793&amp;ssl=1 768w, https:\/\/i0.wp.com\/floresmasflores.mx\/wp-content\/uploads\/2024\/02\/eff4517a-fdac-4166-bb2d-ad6cda3fd88a.jpg?resize=1488%2C1536&amp;ssl=1 1488w\" sizes=\"auto, (max-width: 1000px) 100vw, 1000px\" \/><\/figure>\n<\/div>\n<\/div>\n<\/div>\n\n\n\n<h2 class=\"wp-block-heading alignwide has-text-align-center\" id=\"we-re-a-studio-in-berlin-with-an-international-practice-in-architecture-urban-planning-and-interior-design-we-believe-in-sharing-knowledge-and-promoting-dialogue-to-increase-the-creative-potential-of-collaboration\" style=\"font-size:clamp(15.197px, 0.95rem + ((1vw - 3.2px) * 0.813), 23px);line-height:1.1\">Nuestro objetivo es hacer realidad tus sue\u00f1os y convertir tus ideas en una realidad m\u00e1gica. <\/h2>\n\n\n\n<h2 class=\"wp-block-heading alignwide has-text-align-center\" id=\"we-re-a-studio-in-berlin-with-an-international-practice-in-architecture-urban-planning-and-interior-design-we-believe-in-sharing-knowledge-and-promoting-dialogue-to-increase-the-creative-potential-of-collaboration\" style=\"font-size:clamp(15.197px, 0.95rem + ((1vw - 3.2px) * 0.813), 23px);line-height:1.1\">Nos encargaremos de todos los detalles, desde la decoraci\u00f3n de la mesa de novios, hasta grandes estructuras florales.<\/h2>\n\n\n\n<div class=\"wp-block-group alignfull has-base-2-background-color has-background has-global-padding is-layout-constrained wp-container-core-group-is-layout-5 wp-block-group-is-layout-constrained\" style=\"margin-top:0;margin-bottom:0;padding-top:var(--wp--preset--spacing--50);padding-right:var(--wp--preset--spacing--50);padding-bottom:var(--wp--preset--spacing--50);padding-left:var(--wp--preset--spacing--50)\">\n<div class=\"wp-block-group is-vertical is-content-justification-center is-layout-flex wp-container-core-group-is-layout-4 wp-block-group-is-layout-flex\">\n<h3 class=\"wp-block-heading has-text-align-center is-style-asterisk\">Nuestro proceso de trabajo<\/h3>\n\n\n\n<div style=\"height:0px\" aria-hidden=\"true\" class=\"wp-block-spacer wp-container-content-1\"><\/div>\n\n\n\n<p class=\"has-text-align-center\">En Flores m\u00e1s Flores, seguimos un proceso de trabajo meticuloso para garantizar que cada detalle de la decoraci\u00f3n floral sea perfecto.<\/p>\n\n\n\n<p class=\"has-text-align-center\"> Aqu\u00ed est\u00e1 nuestro proceso b\u00e1sico:<\/p>\n<\/div>\n\n\n\n<div style=\"margin-top:0;margin-bottom:0;height:var(--wp--preset--spacing--40)\" aria-hidden=\"true\" class=\"wp-block-spacer\"><\/div>\n\n\n\n<div class=\"wp-block-columns alignwide is-layout-flex wp-container-core-columns-is-layout-2 wp-block-columns-is-layout-flex\">\n<div class=\"wp-block-column is-layout-flow wp-container-core-column-is-layout-3 wp-block-column-is-layout-flow\">\n<h3 class=\"wp-block-heading has-text-align-left is-style-asterisk has-body-font-family has-medium-font-size\" style=\"font-style:normal;font-weight:600\">1. Consulta inicial<\/h3>\n\n\n\n<p class=\"has-text-align-left\">En nuestra primera reuni\u00f3n, nos sentaremos contigo para discutir tus ideas, tus preferencias y tus expectativas para tu evento. Queremos conocerte y entender tus sue\u00f1os para poder crear el dise\u00f1o perfecto para ti.<\/p>\n<\/div>\n\n\n\n<div class=\"wp-block-column is-layout-flow wp-container-core-column-is-layout-4 wp-block-column-is-layout-flow\">\n<h3 class=\"wp-block-heading has-text-align-left is-style-asterisk has-body-font-family has-medium-font-size\" style=\"font-style:normal;font-weight:600\">2. Planificaci\u00f3n y dise\u00f1o<\/h3>\n\n\n\n<p class=\"has-text-align-left\">Una vez que tengamos una idea clara de tus deseos, nuestro equipo de dise\u00f1adores expertos trabajar\u00e1 en la creaci\u00f3n de un concepto \u00fanico para tu evento. Nos basamos en aspectos importantes como la selecci\u00f3n de colores, el tipo de flor y de temporada, la locaci\u00f3n y dem\u00e1s cuestiones.<\/p>\n<\/div>\n\n\n\n<div class=\"wp-block-column is-layout-flow wp-container-core-column-is-layout-5 wp-block-column-is-layout-flow\">\n<h3 class=\"wp-block-heading has-text-align-left is-style-asterisk has-body-font-family has-medium-font-size\" style=\"font-style:normal;font-weight:600\">3. Muestra y prototipado<\/h3>\n\n\n\n<p class=\"has-text-align-left\">Nuestro equipo realizar\u00e1 una muestra de nuestro trabajo para que visualices un ejemplo de arreglo floral que mostrar\u00e1 una parte de lo que ser\u00e1 tu evento.<\/p>\n<\/div>\n<\/div>\n\n\n\n<div style=\"height:var(--wp--preset--spacing--20)\" aria-hidden=\"true\" class=\"wp-block-spacer\"><\/div>\n\n\n\n<div class=\"wp-block-columns alignwide is-layout-flex wp-container-core-columns-is-layout-3 wp-block-columns-is-layout-flex\">\n<div class=\"wp-block-column is-layout-flow wp-container-core-column-is-layout-6 wp-block-column-is-layout-flow\">\n<h3 class=\"wp-block-heading has-text-align-left is-style-asterisk has-body-font-family has-medium-font-size\" style=\"font-style:normal;font-weight:600\">4. Montaje y ejecuci\u00f3n<\/h3>\n\n\n\n<p class=\"has-text-align-left\">El d\u00eda de tu evento, nuestro equipo se trasladar\u00e1 hasta tu locaci\u00f3n para el montaje y ejecuci\u00f3n de tus arreglos.<\/p>\n<\/div>\n<\/div>\n<\/div>\n\n\n\n<div class=\"wp-block-columns alignwide is-layout-flex wp-container-core-columns-is-layout-4 wp-block-columns-is-layout-flex\">\n<div class=\"wp-block-column is-layout-flow wp-block-column-is-layout-flow\" style=\"flex-basis:25%\">\n<figure class=\"wp-block-image size-large is-resized is-style-default\"><img data-recalc-dims=\"1\" loading=\"lazy\" decoding=\"async\" width=\"768\" height=\"1024\" src=\"https:\/\/i0.wp.com\/floresmasflores.mx\/wp-content\/uploads\/2024\/01\/WhatsApp-Image-2024-01-25-at-3.49.36-PM-5.jpg?resize=768%2C1024\" alt=\"\" class=\"wp-image-348\" style=\"width:405px;height:auto\" srcset=\"https:\/\/i0.wp.com\/floresmasflores.mx\/wp-content\/uploads\/2024\/01\/WhatsApp-Image-2024-01-25-at-3.49.36-PM-5.jpg?resize=768%2C1024&amp;ssl=1 768w, https:\/\/i0.wp.com\/floresmasflores.mx\/wp-content\/uploads\/2024\/01\/WhatsApp-Image-2024-01-25-at-3.49.36-PM-5.jpg?resize=225%2C300&amp;ssl=1 225w, https:\/\/i0.wp.com\/floresmasflores.mx\/wp-content\/uploads\/2024\/01\/WhatsApp-Image-2024-01-25-at-3.49.36-PM-5.jpg?resize=1152%2C1536&amp;ssl=1 1152w, https:\/\/i0.wp.com\/floresmasflores.mx\/wp-content\/uploads\/2024\/01\/WhatsApp-Image-2024-01-25-at-3.49.36-PM-5.jpg?w=1536&amp;ssl=1 1536w\" sizes=\"auto, (max-width: 768px) 100vw, 768px\" \/><\/figure>\n<\/div>\n\n\n\n<div class=\"wp-block-column is-layout-flow wp-block-column-is-layout-flow\" style=\"flex-basis:25%\">\n<div style=\"height:500px\" aria-hidden=\"true\" class=\"wp-block-spacer\"><\/div>\n\n\n\n<div style=\"height:150px\" aria-hidden=\"true\" class=\"wp-block-spacer\"><\/div>\n\n\n\n<figure class=\"wp-block-image size-large is-resized\"><img data-recalc-dims=\"1\" loading=\"lazy\" decoding=\"async\" width=\"768\" height=\"1024\" src=\"https:\/\/i0.wp.com\/floresmasflores.mx\/wp-content\/uploads\/2024\/01\/6e2d1f84-8fd0-46af-b5b2-feeee4326901.jpg?resize=768%2C1024\" alt=\"\" class=\"wp-image-109\" style=\"width:295px;height:auto\" srcset=\"https:\/\/i0.wp.com\/floresmasflores.mx\/wp-content\/uploads\/2024\/01\/6e2d1f84-8fd0-46af-b5b2-feeee4326901.jpg?resize=768%2C1024&amp;ssl=1 768w, https:\/\/i0.wp.com\/floresmasflores.mx\/wp-content\/uploads\/2024\/01\/6e2d1f84-8fd0-46af-b5b2-feeee4326901.jpg?resize=225%2C300&amp;ssl=1 225w, https:\/\/i0.wp.com\/floresmasflores.mx\/wp-content\/uploads\/2024\/01\/6e2d1f84-8fd0-46af-b5b2-feeee4326901.jpg?resize=1152%2C1536&amp;ssl=1 1152w, https:\/\/i0.wp.com\/floresmasflores.mx\/wp-content\/uploads\/2024\/01\/6e2d1f84-8fd0-46af-b5b2-feeee4326901.jpg?w=1536&amp;ssl=1 1536w\" sizes=\"auto, (max-width: 768px) 100vw, 768px\" \/><\/figure>\n<\/div>\n\n\n\n<div class=\"wp-block-column is-layout-flow wp-block-column-is-layout-flow\" style=\"flex-basis:45%\">\n<figure class=\"wp-block-image size-large is-style-default\"><img data-recalc-dims=\"1\" loading=\"lazy\" decoding=\"async\" width=\"768\" height=\"1024\" src=\"https:\/\/i0.wp.com\/floresmasflores.mx\/wp-content\/uploads\/2024\/01\/PHOTO-2024-01-17-17-50-0311-1.jpg?resize=768%2C1024\" alt=\"\" class=\"wp-image-336\" srcset=\"https:\/\/i0.wp.com\/floresmasflores.mx\/wp-content\/uploads\/2024\/01\/PHOTO-2024-01-17-17-50-0311-1.jpg?resize=768%2C1024&amp;ssl=1 768w, https:\/\/i0.wp.com\/floresmasflores.mx\/wp-content\/uploads\/2024\/01\/PHOTO-2024-01-17-17-50-0311-1.jpg?resize=225%2C300&amp;ssl=1 225w, https:\/\/i0.wp.com\/floresmasflores.mx\/wp-content\/uploads\/2024\/01\/PHOTO-2024-01-17-17-50-0311-1.jpg?resize=1152%2C1536&amp;ssl=1 1152w, https:\/\/i0.wp.com\/floresmasflores.mx\/wp-content\/uploads\/2024\/01\/PHOTO-2024-01-17-17-50-0311-1.jpg?w=1536&amp;ssl=1 1536w\" sizes=\"auto, (max-width: 768px) 100vw, 768px\" \/><\/figure>\n\n\n\n<div style=\"height:285px\" aria-hidden=\"true\" class=\"wp-block-spacer\"><\/div>\n<\/div>\n<\/div>\n\n\n\n<div style=\"height:49px\" aria-hidden=\"true\" class=\"wp-block-spacer\"><\/div>\n\n\n\n<h3 class=\"wp-block-heading has-text-align-center\">\u00bfQUIERES CONOCER M\u00c1S SOBRE NUESTRO SERVICIO DE DISE\u00d1O FLORAL?<\/h3>\n\n\n\n<p class=\"has-text-align-center\">D\u00e9janos tus datos y te contactaremos en breve<\/p>\n\n\n<div class=\"wp-block-jetpack-contact-form\"><a href=\"https:\/\/floresmasflores.mx\/index.php\/disenofloral\/\" target=\"_blank\" rel=\"noopener noreferrer\">Env\u00eda un formulario.<\/a><\/div>","protected":false},"excerpt":{"rendered":"<p>FLORISTER\u00cdA DE AUTOR Ofrecemos servicios de excelencia en Dise\u00f1o Floral para hacer de tu boda un evento inolvidable. Nuestro equipo de expertos, l\u00edderados por nuestra dise\u00f1adora floral, Ruth Osio, est\u00e1 aqu\u00ed para ayudarte en cada paso del camino, desde la paleta de colores, hasta el tipo de flor a escoger seg\u00fan la tem\u00e1tica de tu [&hellip;]<\/p>\n","protected":false},"author":1,"featured_media":0,"parent":0,"menu_order":0,"comment_status":"closed","ping_status":"closed","template":"","meta":{"footnotes":""},"class_list":["post-473","page","type-page","status-publish","hentry"],"aioseo_notices":[],"jetpack_likes_enabled":true,"jetpack_sharing_enabled":true,"_links":{"self":[{"href":"https:\/\/floresmasflores.mx\/index.php\/wp-json\/wp\/v2\/pages\/473","targetHints":{"allow":["GET"]}}],"collection":[{"href":"https:\/\/floresmasflores.mx\/index.php\/wp-json\/wp\/v2\/pages"}],"about":[{"href":"https:\/\/floresmasflores.mx\/index.php\/wp-json\/wp\/v2\/types\/page"}],"author":[{"embeddable":true,"href":"https:\/\/floresmasflores.mx\/index.php\/wp-json\/wp\/v2\/users\/1"}],"replies":[{"embeddable":true,"href":"https:\/\/floresmasflores.mx\/index.php\/wp-json\/wp\/v2\/comments?post=473"}],"version-history":[{"count":1,"href":"https:\/\/floresmasflores.mx\/index.php\/wp-json\/wp\/v2\/pages\/473\/revisions"}],"predecessor-version":[{"id":475,"href":"https:\/\/floresmasflores.mx\/index.php\/wp-json\/wp\/v2\/pages\/473\/revisions\/475"}],"wp:attachment":[{"href":"https:\/\/floresmasflores.mx\/index.php\/wp-json\/wp\/v2\/media?parent=473"}],"curies":[{"name":"wp","href":"https:\/\/api.w.org\/{rel}","templated":true}]}}