{"id":465,"date":"2024-02-29T02:28:35","date_gmt":"2024-02-29T02:28:35","guid":{"rendered":"https:\/\/floresmasflores.mx\/?page_id=465"},"modified":"2024-05-28T00:09:55","modified_gmt":"2024-05-28T00:09:55","slug":"wedding-planner","status":"publish","type":"page","link":"https:\/\/floresmasflores.mx\/index.php\/wedding-planner\/","title":{"rendered":"WEDDING PLANNER"},"content":{"rendered":"\n<div class=\"wp-block-group alignfull has-global-padding is-layout-constrained wp-container-core-group-is-layout-2 wp-block-group-is-layout-constrained\" style=\"padding-top:var(--wp--preset--spacing--50);padding-right:var(--wp--preset--spacing--50);padding-bottom:var(--wp--preset--spacing--50);padding-left:var(--wp--preset--spacing--50)\">\n<h1 class=\"wp-block-heading has-text-align-center has-x-large-font-size\">WEDDING PLANNING<\/h1>\n\n\n\n<div class=\"wp-block-group has-global-padding is-layout-constrained wp-container-core-group-is-layout-1 wp-block-group-is-layout-constrained\">\n<div style=\"height:1.25rem\" aria-hidden=\"true\" class=\"wp-block-spacer\"><\/div>\n\n\n\n<p class=\"has-text-align-center\">Ofrecemos servicios de excelencia en Wedding Planning para hacer de tu boda un evento inolvidable. Nuestro equipo de expertos est\u00e1 aqu\u00ed para ayudarte en cada paso del camino, desde la planificaci\u00f3n inicial hasta la ejecuci\u00f3n impecable de tu d\u00eda especial.<\/p>\n\n\n\n<div style=\"height:1.25rem\" aria-hidden=\"true\" class=\"wp-block-spacer\"><\/div>\n\n\n\n<div class=\"wp-block-buttons is-content-justification-center is-layout-flex wp-container-core-buttons-is-layout-1 wp-block-buttons-is-layout-flex\">\n<div class=\"wp-block-button\"><a class=\"wp-block-button__link wp-element-button\" href=\"https:\/\/floresmasflores.mx\/index.php\/cotizar-evento-social\/\">Cotizar Wedding Planning<\/a><\/div>\n<\/div>\n<\/div>\n\n\n\n<div style=\"height:var(--wp--preset--spacing--30)\" aria-hidden=\"true\" class=\"wp-block-spacer\"><\/div>\n\n\n\n<figure class=\"wp-block-image alignwide size-full is-style-rounded is-style-rounded--1\"><img data-recalc-dims=\"1\" loading=\"lazy\" decoding=\"async\" width=\"2048\" height=\"1536\" src=\"https:\/\/i0.wp.com\/floresmasflores.mx\/wp-content\/uploads\/2024\/01\/PHOTO-2024-01-17-17-50-033.jpg?resize=2048%2C1536\" alt=\"\" class=\"wp-image-96\" srcset=\"https:\/\/i0.wp.com\/floresmasflores.mx\/wp-content\/uploads\/2024\/01\/PHOTO-2024-01-17-17-50-033.jpg?w=2048&amp;ssl=1 2048w, https:\/\/i0.wp.com\/floresmasflores.mx\/wp-content\/uploads\/2024\/01\/PHOTO-2024-01-17-17-50-033.jpg?resize=300%2C225&amp;ssl=1 300w, https:\/\/i0.wp.com\/floresmasflores.mx\/wp-content\/uploads\/2024\/01\/PHOTO-2024-01-17-17-50-033.jpg?resize=1024%2C768&amp;ssl=1 1024w, https:\/\/i0.wp.com\/floresmasflores.mx\/wp-content\/uploads\/2024\/01\/PHOTO-2024-01-17-17-50-033.jpg?resize=768%2C576&amp;ssl=1 768w, https:\/\/i0.wp.com\/floresmasflores.mx\/wp-content\/uploads\/2024\/01\/PHOTO-2024-01-17-17-50-033.jpg?resize=1536%2C1152&amp;ssl=1 1536w\" sizes=\"auto, (max-width: 1000px) 100vw, 1000px\" \/><\/figure>\n<\/div>\n\n\n\n<div class=\"wp-block-group alignfull has-global-padding is-layout-constrained wp-container-core-group-is-layout-3 wp-block-group-is-layout-constrained\" style=\"margin-top:0;margin-bottom:0;padding-top:var(--wp--preset--spacing--50);padding-right:var(--wp--preset--spacing--50);padding-bottom:var(--wp--preset--spacing--50);padding-left:var(--wp--preset--spacing--50)\">\n<div class=\"wp-block-columns alignwide are-vertically-aligned-center is-layout-flex wp-container-core-columns-is-layout-1 wp-block-columns-is-layout-flex\">\n<div class=\"wp-block-column is-vertically-aligned-center is-layout-flow wp-block-column-is-layout-flow\" style=\"flex-basis:50%\">\n<h2 class=\"wp-block-heading\">\u00bfEn qu\u00e9 consiste el servicio de Wedding Planning?<\/h2>\n\n\n\n<p>El servicio de Wedding Planning es la soluci\u00f3n perfecta para aquellos novios que desean disfrutar de su boda sin tener que preocuparse por los detalles y el estr\u00e9s que conlleva la planificaci\u00f3n. Nuestro equipo de profesionales se encargar\u00e1 de cada aspecto de tu boda, desde la selecci\u00f3n del lugar hasta la elecci\u00f3n de los proveedores y la coordinaci\u00f3n del d\u00eda del evento.<\/p>\n\n\n\n<div class=\"wp-block-buttons is-layout-flex wp-block-buttons-is-layout-flex\"><\/div>\n<\/div>\n\n\n\n<div class=\"wp-block-column is-vertically-aligned-center is-layout-flow wp-block-column-is-layout-flow\" style=\"flex-basis:50%\">\n<figure class=\"wp-block-image size-full is-resized is-style-rounded is-style-rounded--2\"><img data-recalc-dims=\"1\" loading=\"lazy\" decoding=\"async\" width=\"867\" height=\"1300\" src=\"https:\/\/i0.wp.com\/floresmasflores.mx\/wp-content\/uploads\/2024\/02\/pexels-photo-1395967.jpeg?resize=867%2C1300&#038;ssl=1\" alt=\"close up photo of dinnerware set on top of table with glass cups\" class=\"wp-image-467\" style=\"aspect-ratio:1.3333333333333333;object-fit:cover;width:588px;height:auto\" srcset=\"https:\/\/i0.wp.com\/floresmasflores.mx\/wp-content\/uploads\/2024\/02\/pexels-photo-1395967.jpeg?w=867&amp;ssl=1 867w, https:\/\/i0.wp.com\/floresmasflores.mx\/wp-content\/uploads\/2024\/02\/pexels-photo-1395967.jpeg?resize=200%2C300&amp;ssl=1 200w, https:\/\/i0.wp.com\/floresmasflores.mx\/wp-content\/uploads\/2024\/02\/pexels-photo-1395967.jpeg?resize=683%2C1024&amp;ssl=1 683w, https:\/\/i0.wp.com\/floresmasflores.mx\/wp-content\/uploads\/2024\/02\/pexels-photo-1395967.jpeg?resize=768%2C1152&amp;ssl=1 768w\" sizes=\"auto, (max-width: 867px) 100vw, 867px\" \/><\/figure>\n<\/div>\n<\/div>\n<\/div>\n\n\n\n<h2 class=\"wp-block-heading alignwide has-text-align-center\" id=\"we-re-a-studio-in-berlin-with-an-international-practice-in-architecture-urban-planning-and-interior-design-we-believe-in-sharing-knowledge-and-promoting-dialogue-to-increase-the-creative-potential-of-collaboration\" style=\"font-size:clamp(15.197px, 0.95rem + ((1vw - 3.2px) * 0.813), 23px);line-height:1.1\">Nuestro objetivo es hacer realidad tus sue\u00f1os y convertir tus ideas en una realidad m\u00e1gica. <\/h2>\n\n\n\n<h2 class=\"wp-block-heading alignwide has-text-align-center\" id=\"we-re-a-studio-in-berlin-with-an-international-practice-in-architecture-urban-planning-and-interior-design-we-believe-in-sharing-knowledge-and-promoting-dialogue-to-increase-the-creative-potential-of-collaboration\" style=\"font-size:clamp(15.197px, 0.95rem + ((1vw - 3.2px) * 0.813), 23px);line-height:1.1\">Nos encargaremos de todos los detalles, desde la decoraci\u00f3n hasta el cronograma del evento, para que puedas relajarte y disfrutar de tu d\u00eda especial sin preocupaciones.<\/h2>\n\n\n\n<div class=\"wp-block-group alignfull has-base-2-background-color has-background has-global-padding is-layout-constrained wp-container-core-group-is-layout-5 wp-block-group-is-layout-constrained\" style=\"margin-top:0;margin-bottom:0;padding-top:var(--wp--preset--spacing--50);padding-right:var(--wp--preset--spacing--50);padding-bottom:var(--wp--preset--spacing--50);padding-left:var(--wp--preset--spacing--50)\">\n<div class=\"wp-block-group is-vertical is-content-justification-center is-layout-flex wp-container-core-group-is-layout-4 wp-block-group-is-layout-flex\">\n<h3 class=\"wp-block-heading has-text-align-center is-style-asterisk\">Nuestro proceso de trabajo<\/h3>\n\n\n\n<div style=\"height:0px\" aria-hidden=\"true\" class=\"wp-block-spacer wp-container-content-1\"><\/div>\n\n\n\n<p class=\"has-text-align-center\">En Flores m\u00e1s Flores, seguimos un proceso de trabajo meticuloso para garantizar que cada detalle de tu boda sea perfecto. Aqu\u00ed est\u00e1 nuestro proceso b\u00e1sico:<\/p>\n<\/div>\n\n\n\n<div style=\"margin-top:0;margin-bottom:0;height:var(--wp--preset--spacing--40)\" aria-hidden=\"true\" class=\"wp-block-spacer\"><\/div>\n\n\n\n<div class=\"wp-block-columns alignwide is-layout-flex wp-container-core-columns-is-layout-2 wp-block-columns-is-layout-flex\">\n<div class=\"wp-block-column is-layout-flow wp-container-core-column-is-layout-3 wp-block-column-is-layout-flow\">\n<h3 class=\"wp-block-heading has-text-align-left is-style-asterisk has-body-font-family has-medium-font-size\" style=\"font-style:normal;font-weight:600\">1. Consulta inicial<\/h3>\n\n\n\n<p class=\"has-text-align-left\">En nuestra primera reuni\u00f3n, nos sentaremos contigo para discutir tus ideas, tus preferencias y tus expectativas para tu boda. Queremos conocerte y entender tus sue\u00f1os para poder crear la boda perfecta para ti.<\/p>\n<\/div>\n\n\n\n<div class=\"wp-block-column is-layout-flow wp-container-core-column-is-layout-4 wp-block-column-is-layout-flow\">\n<h3 class=\"wp-block-heading has-text-align-left is-style-asterisk has-body-font-family has-medium-font-size\" style=\"font-style:normal;font-weight:600\">2. Planificaci\u00f3n y dise\u00f1o<\/h3>\n\n\n\n<p class=\"has-text-align-left\">Una vez que tengamos una idea clara de tus deseos, nuestro equipo de dise\u00f1adores expertos trabajar\u00e1 en la creaci\u00f3n de un concepto \u00fanico para tu boda. Nos encargaremos de la selecci\u00f3n de colores, la decoraci\u00f3n, las flores y todos los detalles que har\u00e1n de tu boda un evento inolvidable.<\/p>\n<\/div>\n\n\n\n<div class=\"wp-block-column is-layout-flow wp-container-core-column-is-layout-5 wp-block-column-is-layout-flow\">\n<h3 class=\"wp-block-heading has-text-align-left is-style-asterisk has-body-font-family has-medium-font-size\" style=\"font-style:normal;font-weight:600\">3. Selecci\u00f3n de proveedores<\/h3>\n\n\n\n<p class=\"has-text-align-left\">Nuestro equipo se encargar\u00e1 de seleccionar a los mejores proveedores de la industria para tu boda. Desde el lugar de la ceremonia hasta el catering y la m\u00fasica, nos aseguraremos de que todos los aspectos de tu boda est\u00e9n cubiertos por profesionales de confianza.<\/p>\n<\/div>\n<\/div>\n\n\n\n<div style=\"height:var(--wp--preset--spacing--20)\" aria-hidden=\"true\" class=\"wp-block-spacer\"><\/div>\n\n\n\n<div class=\"wp-block-columns alignwide is-layout-flex wp-container-core-columns-is-layout-3 wp-block-columns-is-layout-flex\">\n<div class=\"wp-block-column is-layout-flow wp-container-core-column-is-layout-6 wp-block-column-is-layout-flow\">\n<h3 class=\"wp-block-heading has-text-align-left is-style-asterisk has-body-font-family has-medium-font-size\" style=\"font-style:normal;font-weight:600\">4. Coordinaci\u00f3n del d\u00eda del evento<\/h3>\n\n\n\n<p class=\"has-text-align-left\">El d\u00eda de tu boda, nuestro equipo estar\u00e1 presente para coordinar todos los aspectos del evento. Nos aseguraremos de que todo salga seg\u00fan lo planeado y de que t\u00fa y tus invitados disfruten de una experiencia sin problemas.<\/p>\n<\/div>\n<\/div>\n<\/div>\n\n\n\n<div class=\"wp-block-group alignfull has-global-padding is-layout-constrained wp-container-core-group-is-layout-6 wp-block-group-is-layout-constrained\" style=\"margin-top:0;margin-bottom:0;padding-top:var(--wp--preset--spacing--50);padding-right:var(--wp--preset--spacing--50);padding-bottom:var(--wp--preset--spacing--50);padding-left:var(--wp--preset--spacing--50)\">\n<div class=\"wp-block-columns alignwide is-layout-flex wp-container-core-columns-is-layout-4 wp-block-columns-is-layout-flex\" style=\"margin-top:0;margin-bottom:0\">\n<div class=\"wp-block-column is-layout-flow wp-container-core-column-is-layout-7 wp-block-column-is-layout-flow\">\n<figure class=\"wp-block-image size-large is-style-rounded is-style-rounded--3\"><img data-recalc-dims=\"1\" loading=\"lazy\" decoding=\"async\" width=\"1024\" height=\"768\" src=\"https:\/\/i0.wp.com\/floresmasflores.mx\/wp-content\/uploads\/2024\/05\/Imagen-de-WhatsApp-2024-05-22-a-las-15.18.36_68a8f444.jpg?resize=1024%2C768\" alt=\"\" class=\"wp-image-650\" style=\"aspect-ratio:4\/3;object-fit:cover\" srcset=\"https:\/\/i0.wp.com\/floresmasflores.mx\/wp-content\/uploads\/2024\/05\/Imagen-de-WhatsApp-2024-05-22-a-las-15.18.36_68a8f444.jpg?resize=1024%2C768&amp;ssl=1 1024w, https:\/\/i0.wp.com\/floresmasflores.mx\/wp-content\/uploads\/2024\/05\/Imagen-de-WhatsApp-2024-05-22-a-las-15.18.36_68a8f444.jpg?resize=300%2C225&amp;ssl=1 300w, https:\/\/i0.wp.com\/floresmasflores.mx\/wp-content\/uploads\/2024\/05\/Imagen-de-WhatsApp-2024-05-22-a-las-15.18.36_68a8f444.jpg?resize=768%2C576&amp;ssl=1 768w, https:\/\/i0.wp.com\/floresmasflores.mx\/wp-content\/uploads\/2024\/05\/Imagen-de-WhatsApp-2024-05-22-a-las-15.18.36_68a8f444.jpg?resize=1536%2C1152&amp;ssl=1 1536w, https:\/\/i0.wp.com\/floresmasflores.mx\/wp-content\/uploads\/2024\/05\/Imagen-de-WhatsApp-2024-05-22-a-las-15.18.36_68a8f444.jpg?w=1600&amp;ssl=1 1600w\" sizes=\"auto, (max-width: 1000px) 100vw, 1000px\" \/><\/figure>\n\n\n\n<div style=\"height:var(--wp--preset--spacing--50)\" aria-hidden=\"true\" class=\"wp-block-spacer\"><\/div>\n\n\n\n<figure class=\"wp-block-image size-large is-style-rounded is-style-rounded--4\"><img data-recalc-dims=\"1\" loading=\"lazy\" decoding=\"async\" width=\"1024\" height=\"1024\" src=\"https:\/\/i0.wp.com\/floresmasflores.mx\/wp-content\/uploads\/2024\/01\/IMG-6910-edited-1024x1024.jpg?resize=1024%2C1024\" alt=\"\" class=\"wp-image-37\" style=\"aspect-ratio:3\/4;object-fit:cover\" srcset=\"https:\/\/i0.wp.com\/floresmasflores.mx\/wp-content\/uploads\/2024\/01\/IMG-6910-edited.jpg?resize=1024%2C1024&amp;ssl=1 1024w, https:\/\/i0.wp.com\/floresmasflores.mx\/wp-content\/uploads\/2024\/01\/IMG-6910-edited.jpg?resize=300%2C300&amp;ssl=1 300w, https:\/\/i0.wp.com\/floresmasflores.mx\/wp-content\/uploads\/2024\/01\/IMG-6910-edited.jpg?resize=150%2C150&amp;ssl=1 150w, https:\/\/i0.wp.com\/floresmasflores.mx\/wp-content\/uploads\/2024\/01\/IMG-6910-edited.jpg?resize=768%2C768&amp;ssl=1 768w, https:\/\/i0.wp.com\/floresmasflores.mx\/wp-content\/uploads\/2024\/01\/IMG-6910-edited.jpg?w=1152&amp;ssl=1 1152w\" sizes=\"auto, (max-width: 1000px) 100vw, 1000px\" \/><\/figure>\n<\/div>\n\n\n\n<div class=\"wp-block-column is-layout-flow wp-container-core-column-is-layout-8 wp-block-column-is-layout-flow\">\n<figure class=\"wp-block-image size-full is-style-rounded is-style-rounded--5\"><img data-recalc-dims=\"1\" loading=\"lazy\" decoding=\"async\" width=\"1024\" height=\"768\" src=\"https:\/\/i0.wp.com\/floresmasflores.mx\/wp-content\/uploads\/2024\/05\/PHOTO-2024-01-17-17-50-032.jpg?resize=1024%2C768&#038;ssl=1\" alt=\"\" class=\"wp-image-664\" style=\"aspect-ratio:4\/3;object-fit:cover\" srcset=\"https:\/\/i0.wp.com\/floresmasflores.mx\/wp-content\/uploads\/2024\/05\/PHOTO-2024-01-17-17-50-032.jpg?w=1024&amp;ssl=1 1024w, https:\/\/i0.wp.com\/floresmasflores.mx\/wp-content\/uploads\/2024\/05\/PHOTO-2024-01-17-17-50-032.jpg?resize=300%2C225&amp;ssl=1 300w, https:\/\/i0.wp.com\/floresmasflores.mx\/wp-content\/uploads\/2024\/05\/PHOTO-2024-01-17-17-50-032.jpg?resize=768%2C576&amp;ssl=1 768w\" sizes=\"auto, (max-width: 1000px) 100vw, 1000px\" \/><\/figure>\n\n\n\n<div style=\"height:var(--wp--preset--spacing--50)\" aria-hidden=\"true\" class=\"wp-block-spacer\"><\/div>\n\n\n\n<figure class=\"wp-block-image size-large is-style-rounded is-style-rounded--6\"><img data-recalc-dims=\"1\" loading=\"lazy\" decoding=\"async\" width=\"768\" height=\"1024\" src=\"https:\/\/i0.wp.com\/floresmasflores.mx\/wp-content\/uploads\/2024\/05\/IMG_8977-768x1024.jpg?resize=768%2C1024&#038;ssl=1\" alt=\"\" class=\"wp-image-665\" style=\"aspect-ratio:3\/4;object-fit:cover\" srcset=\"https:\/\/i0.wp.com\/floresmasflores.mx\/wp-content\/uploads\/2024\/05\/IMG_8977.jpg?resize=768%2C1024&amp;ssl=1 768w, https:\/\/i0.wp.com\/floresmasflores.mx\/wp-content\/uploads\/2024\/05\/IMG_8977.jpg?resize=225%2C300&amp;ssl=1 225w, https:\/\/i0.wp.com\/floresmasflores.mx\/wp-content\/uploads\/2024\/05\/IMG_8977.jpg?resize=1152%2C1536&amp;ssl=1 1152w, https:\/\/i0.wp.com\/floresmasflores.mx\/wp-content\/uploads\/2024\/05\/IMG_8977.jpg?w=1536&amp;ssl=1 1536w\" sizes=\"auto, (max-width: 768px) 100vw, 768px\" \/><\/figure>\n<\/div>\n\n\n\n<div class=\"wp-block-column is-layout-flow wp-container-core-column-is-layout-9 wp-block-column-is-layout-flow\">\n<div style=\"height:var(--wp--preset--spacing--50)\" aria-hidden=\"true\" class=\"wp-block-spacer\"><\/div>\n\n\n\n<figure class=\"wp-block-image size-large is-style-rounded is-style-rounded--7\"><img data-recalc-dims=\"1\" loading=\"lazy\" decoding=\"async\" width=\"768\" height=\"1024\" src=\"https:\/\/i0.wp.com\/floresmasflores.mx\/wp-content\/uploads\/2024\/01\/7f2803e9-4991-4dd0-9859-da11ae1de169.jpg?resize=768%2C1024\" alt=\"\" class=\"wp-image-30\" style=\"aspect-ratio:3\/4;object-fit:cover\" srcset=\"https:\/\/i0.wp.com\/floresmasflores.mx\/wp-content\/uploads\/2024\/01\/7f2803e9-4991-4dd0-9859-da11ae1de169.jpg?resize=768%2C1024&amp;ssl=1 768w, https:\/\/i0.wp.com\/floresmasflores.mx\/wp-content\/uploads\/2024\/01\/7f2803e9-4991-4dd0-9859-da11ae1de169.jpg?resize=225%2C300&amp;ssl=1 225w, https:\/\/i0.wp.com\/floresmasflores.mx\/wp-content\/uploads\/2024\/01\/7f2803e9-4991-4dd0-9859-da11ae1de169.jpg?resize=1152%2C1536&amp;ssl=1 1152w, https:\/\/i0.wp.com\/floresmasflores.mx\/wp-content\/uploads\/2024\/01\/7f2803e9-4991-4dd0-9859-da11ae1de169.jpg?w=1536&amp;ssl=1 1536w\" sizes=\"auto, (max-width: 768px) 100vw, 768px\" \/><\/figure>\n\n\n\n<div style=\"height:var(--wp--preset--spacing--50)\" aria-hidden=\"true\" class=\"wp-block-spacer\"><\/div>\n\n\n\n<figure class=\"wp-block-image size-full is-style-rounded is-style-rounded--8\"><img data-recalc-dims=\"1\" loading=\"lazy\" decoding=\"async\" width=\"1024\" height=\"768\" src=\"https:\/\/i0.wp.com\/floresmasflores.mx\/wp-content\/uploads\/2024\/05\/PHOTO-2024-01-17-17-50-03.jpg?resize=1024%2C768&#038;ssl=1\" alt=\"\" class=\"wp-image-663\" style=\"aspect-ratio:1;object-fit:cover\" srcset=\"https:\/\/i0.wp.com\/floresmasflores.mx\/wp-content\/uploads\/2024\/05\/PHOTO-2024-01-17-17-50-03.jpg?w=1024&amp;ssl=1 1024w, https:\/\/i0.wp.com\/floresmasflores.mx\/wp-content\/uploads\/2024\/05\/PHOTO-2024-01-17-17-50-03.jpg?resize=300%2C225&amp;ssl=1 300w, https:\/\/i0.wp.com\/floresmasflores.mx\/wp-content\/uploads\/2024\/05\/PHOTO-2024-01-17-17-50-03.jpg?resize=768%2C576&amp;ssl=1 768w\" sizes=\"auto, (max-width: 1000px) 100vw, 1000px\" \/><\/figure>\n<\/div>\n<\/div>\n<\/div>\n\n\n\n<div style=\"height:49px\" aria-hidden=\"true\" class=\"wp-block-spacer\"><\/div>\n\n\n\n<h3 class=\"wp-block-heading has-text-align-center\">\u00bfQUIERES CONOCER M\u00c1S SOBRE NUESTRO SERVICIO DE WEDDING PLANNER?<\/h3>\n\n\n\n<p class=\"has-text-align-center\">D\u00e9janos tus datos y te contactaremos en breve<\/p>\n\n\n<div class=\"wp-block-jetpack-contact-form\"><a href=\"https:\/\/floresmasflores.mx\/index.php\/wedding-planner\/\" target=\"_blank\" rel=\"noopener noreferrer\">Env\u00eda un formulario.<\/a><\/div>","protected":false},"excerpt":{"rendered":"<p>WEDDING PLANNING Ofrecemos servicios de excelencia en Wedding Planning para hacer de tu boda un evento inolvidable. Nuestro equipo de expertos est\u00e1 aqu\u00ed para ayudarte en cada paso del camino, desde la planificaci\u00f3n inicial hasta la ejecuci\u00f3n impecable de tu d\u00eda especial. \u00bfEn qu\u00e9 consiste el servicio de Wedding Planning? El servicio de Wedding Planning [&hellip;]<\/p>\n","protected":false},"author":1,"featured_media":0,"parent":0,"menu_order":0,"comment_status":"closed","ping_status":"closed","template":"","meta":{"footnotes":""},"class_list":["post-465","page","type-page","status-publish","hentry"],"aioseo_notices":[],"jetpack_likes_enabled":true,"jetpack_sharing_enabled":true,"_links":{"self":[{"href":"https:\/\/floresmasflores.mx\/index.php\/wp-json\/wp\/v2\/pages\/465","targetHints":{"allow":["GET"]}}],"collection":[{"href":"https:\/\/floresmasflores.mx\/index.php\/wp-json\/wp\/v2\/pages"}],"about":[{"href":"https:\/\/floresmasflores.mx\/index.php\/wp-json\/wp\/v2\/types\/page"}],"author":[{"embeddable":true,"href":"https:\/\/floresmasflores.mx\/index.php\/wp-json\/wp\/v2\/users\/1"}],"replies":[{"embeddable":true,"href":"https:\/\/floresmasflores.mx\/index.php\/wp-json\/wp\/v2\/comments?post=465"}],"version-history":[{"count":4,"href":"https:\/\/floresmasflores.mx\/index.php\/wp-json\/wp\/v2\/pages\/465\/revisions"}],"predecessor-version":[{"id":666,"href":"https:\/\/floresmasflores.mx\/index.php\/wp-json\/wp\/v2\/pages\/465\/revisions\/666"}],"wp:attachment":[{"href":"https:\/\/floresmasflores.mx\/index.php\/wp-json\/wp\/v2\/media?parent=465"}],"curies":[{"name":"wp","href":"https:\/\/api.w.org\/{rel}","templated":true}]}}